{"id":928,"date":"2025-10-29T18:21:25","date_gmt":"2025-10-29T18:21:25","guid":{"rendered":"https:\/\/dohany-zsinagoga.hu\/?page_id=928"},"modified":"2025-10-30T20:54:50","modified_gmt":"2025-10-30T20:54:50","slug":"imadkozzon-velunk","status":"publish","type":"page","link":"https:\/\/dohany-zsinagoga.hu\/?page_id=928","title":{"rendered":"Im\u00e1dkozzon vel\u00fcnk!"},"content":{"rendered":"\t\t<div data-elementor-type=\"wp-page\" data-elementor-id=\"928\" class=\"elementor elementor-928\">\n\t\t\t\t<div class=\"elementor-element elementor-element-34cf65b e-con-full e-flex e-con e-parent\" data-id=\"34cf65b\" data-element_type=\"container\" data-e-type=\"container\">\n\t\t<div class=\"elementor-element elementor-element-a499fbd e-con-full e-flex e-con e-child\" data-id=\"a499fbd\" data-element_type=\"container\" data-e-type=\"container\">\n\t\t<div class=\"elementor-element elementor-element-bd05806 e-con-full e-flex e-con e-child\" data-id=\"bd05806\" data-element_type=\"container\" data-e-type=\"container\">\n\t\t\t\t<div class=\"elementor-element elementor-element-f2c0cb4 elementor-widget elementor-widget-heading\" data-id=\"f2c0cb4\" data-element_type=\"widget\" data-e-type=\"widget\" data-widget_type=\"heading.default\">\n\t\t\t\t\t<h2 class=\"elementor-heading-title elementor-size-default\">Ima, k\u00f6z\u00f6ss\u00e9g, hagyom\u00e1ny<\/h2>\t\t\t\t<\/div>\n\t\t\t\t<\/div>\n\t\t<div class=\"elementor-element elementor-element-7ed50b1 e-con-full e-flex e-con e-child\" data-id=\"7ed50b1\" data-element_type=\"container\" data-e-type=\"container\">\n\t\t\t\t<div class=\"elementor-element elementor-element-ed6e55d elementor-widget-divider--separator-type-pattern elementor-widget-divider--view-line elementor-widget elementor-widget-divider\" data-id=\"ed6e55d\" data-element_type=\"widget\" data-e-type=\"widget\" data-widget_type=\"divider.default\">\n\t\t\t\t\t\t\t<div class=\"elementor-divider\" style=\"--divider-pattern-url: url(&quot;data:image\/svg+xml,%3Csvg xmlns=&#039;http:\/\/www.w3.org\/2000\/svg&#039; preserveAspectRatio=&#039;none&#039; overflow=&#039;visible&#039; height=&#039;100%&#039; viewBox=&#039;0 0 20 16&#039; fill=&#039;none&#039; stroke=&#039;black&#039; stroke-width=&#039;1.8&#039; stroke-linecap=&#039;square&#039; stroke-miterlimit=&#039;10&#039;%3E%3Cg transform=&#039;translate(-12.000000, 0)&#039;%3E%3Cpath d=&#039;M28,0L10,18&#039;\/%3E%3Cpath d=&#039;M18,0L0,18&#039;\/%3E%3Cpath d=&#039;M48,0L30,18&#039;\/%3E%3Cpath d=&#039;M38,0L20,18&#039;\/%3E%3C\/g%3E%3C\/svg%3E&quot;);\">\n\t\t\t<span class=\"elementor-divider-separator\">\n\t\t\t\t\t\t<\/span>\n\t\t<\/div>\n\t\t\t\t\t\t<\/div>\n\t\t\t\t<\/div>\n\t\t\t\t<\/div>\n\t\t\t\t<\/div>\n\t\t<div class=\"elementor-element elementor-element-19ad3e8 e-con-full e-flex e-con e-parent\" data-id=\"19ad3e8\" data-element_type=\"container\" data-e-type=\"container\">\n\t\t<div class=\"elementor-element elementor-element-fe7fcb1 e-con-full e-flex e-con e-child\" data-id=\"fe7fcb1\" data-element_type=\"container\" data-e-type=\"container\">\n\t\t<div class=\"elementor-element elementor-element-7e8c4ad e-con-full e-flex e-con e-child\" data-id=\"7e8c4ad\" data-element_type=\"container\" data-e-type=\"container\">\n\t\t<div class=\"elementor-element elementor-element-f13cb2d e-con-full e-flex e-con e-child\" data-id=\"f13cb2d\" data-element_type=\"container\" data-e-type=\"container\">\n\t\t\t\t<div class=\"elementor-element elementor-element-62df2cf elementor-widget elementor-widget-text-editor\" data-id=\"62df2cf\" data-element_type=\"widget\" data-e-type=\"widget\" data-widget_type=\"text-editor.default\">\n\t\t\t\t\t\t\t\t\t<p class=\"p1\">A Doh\u00e1ny utcai zsinag\u00f3ga nemcsak \u00e9p\u00edt\u00e9szeti \u00e9kk\u0151, hanem \u00e9l\u0151, l\u00fcktet\u0151 lelki k\u00f6zpont is. Itt amellett, hogy im\u00e1dkozunk, kapcsol\u00f3dunk Istenhez, egym\u00e1shoz \u00e9s \u00f6nmagunkhoz. A k\u00f6z\u00f6s ima id\u0151t ad a meg\u00e1ll\u00e1sra, az elcsendesed\u00e9sre, az elm\u00e9ly\u00fcl\u00e9sre, \u00e9s a k\u00f6z\u00f6ss\u00e9g meger\u0151s\u00edt\u00e9s\u00e9re. H\u00e9tr\u0151l h\u00e9tre, \u00fcnnepr\u0151l \u00fcnnepre egy\u00fctt id\u00e9zz\u00fck meg hagyom\u00e1nyaink \u00f6r\u00f6knerej\u00e9t \u00e9s sz\u00e9ps\u00e9g\u00e9t. Legyen sz\u00f3 szombatfogad\u00e1sr\u00f3l, reggeli im\u00e1r\u00f3l vagy egy meghitt \u00fcnnepi alkalomr\u00f3l, mindig szeretettel v\u00e1rjuk \u00d6nt is! Templomk\u00f6rzet\u00fcnk lelkes magja rendszeresen \u00f6sszegy\u0171lik, \u00e9s mindig \u00f6r\u00f6mmel fogad \u00faj arcokat.<\/p><p class=\"p1\"><strong>M\u00e9g nem j\u00e1rt n\u00e1lunk?<\/strong><br \/>J\u00f6jj\u00f6n el, \u00e9rezze meg a Doh\u00e1ny Templomk\u00f6rzet k\u00fcl\u00f6nleges hangulat\u00e1t!<\/p><p class=\"p1\"><strong>\u00d6n visszat\u00e9r\u0151 vend\u00e9g?<br \/><\/strong>Akkor tudja: a k\u00f6z\u00f6s ima ereje mindig \u00faj f\u00e9nyt hoz a h\u00e9tk\u00f6znapokba is. Az al\u00e1bbiakban megtal\u00e1lja imarend\u00fcnket.<\/p><p class=\"p1\"><strong>Csatlakozzon hozz\u00e1nk b\u00e1rmikor, szeretettel v\u00e1rjuk!<\/strong><\/p>\t\t\t\t\t\t\t\t<\/div>\n\t\t\t\t<\/div>\n\t\t\t\t<div class=\"elementor-element elementor-element-c63bd37 elementor-widget elementor-widget-spacer\" data-id=\"c63bd37\" data-element_type=\"widget\" data-e-type=\"widget\" data-widget_type=\"spacer.default\">\n\t\t\t\t\t\t\t<div class=\"elementor-spacer\">\n\t\t\t<div class=\"elementor-spacer-inner\"><\/div>\n\t\t<\/div>\n\t\t\t\t\t\t<\/div>\n\t\t<div class=\"elementor-element elementor-element-c51d00c e-con-full e-flex e-con e-child\" data-id=\"c51d00c\" data-element_type=\"container\" data-e-type=\"container\">\n\t\t\t\t<div class=\"elementor-element elementor-element-ed71d66 elementor-widget elementor-widget-spacer\" data-id=\"ed71d66\" data-element_type=\"widget\" data-e-type=\"widget\" data-widget_type=\"spacer.default\">\n\t\t\t\t\t\t\t<div class=\"elementor-spacer\">\n\t\t\t<div class=\"elementor-spacer-inner\"><\/div>\n\t\t<\/div>\n\t\t\t\t\t\t<\/div>\n\t\t\t\t<div class=\"elementor-element elementor-element-cb59cd6 elementor-widget elementor-widget-image\" data-id=\"cb59cd6\" data-element_type=\"widget\" data-e-type=\"widget\" data-widget_type=\"image.default\">\n\t\t\t\t\t\t\t\t\t\t\t\t\t\t\t<img fetchpriority=\"high\" decoding=\"async\" width=\"800\" height=\"488\" src=\"https:\/\/dohany-zsinagoga.hu\/wp-content\/uploads\/2025\/10\/Kepernyofoto-2025-10-29-19.33.27-1024x625.png\" class=\"attachment-large size-large wp-image-941\" alt=\"\" srcset=\"https:\/\/dohany-zsinagoga.hu\/wp-content\/uploads\/2025\/10\/Kepernyofoto-2025-10-29-19.33.27-1024x625.png 1024w, https:\/\/dohany-zsinagoga.hu\/wp-content\/uploads\/2025\/10\/Kepernyofoto-2025-10-29-19.33.27-300x183.png 300w, https:\/\/dohany-zsinagoga.hu\/wp-content\/uploads\/2025\/10\/Kepernyofoto-2025-10-29-19.33.27-768x469.png 768w, https:\/\/dohany-zsinagoga.hu\/wp-content\/uploads\/2025\/10\/Kepernyofoto-2025-10-29-19.33.27-1536x938.png 1536w, https:\/\/dohany-zsinagoga.hu\/wp-content\/uploads\/2025\/10\/Kepernyofoto-2025-10-29-19.33.27-e1761762842857.png 1000w\" sizes=\"(max-width: 800px) 100vw, 800px\" \/>\t\t\t\t\t\t\t\t\t\t\t\t\t\t\t<\/div>\n\t\t\t\t<\/div>\n\t\t\t\t<\/div>\n\t\t\t\t<\/div>\n\t\t\t\t<\/div>\n\t\t<div class=\"elementor-element elementor-element-fe214e0 e-con-full e-flex e-con e-parent\" data-id=\"fe214e0\" data-element_type=\"container\" data-e-type=\"container\">\n\t\t<div class=\"elementor-element elementor-element-7058e7e e-con-full e-flex e-con e-child\" data-id=\"7058e7e\" data-element_type=\"container\" data-e-type=\"container\">\n\t\t<div class=\"elementor-element elementor-element-6b983d6 e-con-full e-flex e-con e-child\" data-id=\"6b983d6\" data-element_type=\"container\" data-e-type=\"container\">\n\t\t\t\t<div class=\"elementor-element elementor-element-0b9dfe9 elementor-widget elementor-widget-heading\" data-id=\"0b9dfe9\" data-element_type=\"widget\" data-e-type=\"widget\" data-widget_type=\"heading.default\">\n\t\t\t\t\t<h2 class=\"elementor-heading-title elementor-size-default\">Im\u00e1dkozzon vel\u00fcnk!<\/h2>\t\t\t\t<\/div>\n\t\t\t\t<\/div>\n\t\t<div class=\"elementor-element elementor-element-6dcb14f e-con-full e-flex e-con e-child\" data-id=\"6dcb14f\" data-element_type=\"container\" data-e-type=\"container\">\n\t\t\t\t<div class=\"elementor-element elementor-element-9d724a8 elementor-widget-divider--separator-type-pattern elementor-widget-divider--view-line elementor-widget elementor-widget-divider\" data-id=\"9d724a8\" data-element_type=\"widget\" data-e-type=\"widget\" data-widget_type=\"divider.default\">\n\t\t\t\t\t\t\t<div class=\"elementor-divider\" style=\"--divider-pattern-url: url(&quot;data:image\/svg+xml,%3Csvg xmlns=&#039;http:\/\/www.w3.org\/2000\/svg&#039; preserveAspectRatio=&#039;none&#039; overflow=&#039;visible&#039; height=&#039;100%&#039; viewBox=&#039;0 0 20 16&#039; fill=&#039;none&#039; stroke=&#039;black&#039; stroke-width=&#039;1.8&#039; stroke-linecap=&#039;square&#039; stroke-miterlimit=&#039;10&#039;%3E%3Cg transform=&#039;translate(-12.000000, 0)&#039;%3E%3Cpath d=&#039;M28,0L10,18&#039;\/%3E%3Cpath d=&#039;M18,0L0,18&#039;\/%3E%3Cpath d=&#039;M48,0L30,18&#039;\/%3E%3Cpath d=&#039;M38,0L20,18&#039;\/%3E%3C\/g%3E%3C\/svg%3E&quot;);\">\n\t\t\t<span class=\"elementor-divider-separator\">\n\t\t\t\t\t\t<\/span>\n\t\t<\/div>\n\t\t\t\t\t\t<\/div>\n\t\t\t\t<\/div>\n\t\t\t\t<\/div>\n\t\t\t\t<\/div>\n\t\t<div class=\"elementor-element elementor-element-9a8608a e-flex e-con-boxed e-con e-parent\" data-id=\"9a8608a\" data-element_type=\"container\" data-e-type=\"container\">\n\t\t\t\t\t<div class=\"e-con-inner\">\n\t\t<div class=\"elementor-element elementor-element-a74375f e-con-full e-flex e-con e-child\" data-id=\"a74375f\" data-element_type=\"container\" data-e-type=\"container\">\n\t\t\t\t<div class=\"elementor-element elementor-element-142bb4b elementor-widget elementor-widget-heading\" data-id=\"142bb4b\" data-element_type=\"widget\" data-e-type=\"widget\" data-widget_type=\"heading.default\">\n\t\t\t\t\t<h2 class=\"elementor-heading-title elementor-size-default\">\u00c1prilis 1. \u00e9s okt\u00f3ber 31. k\u00f6z\u00f6tt<\/h2>\t\t\t\t<\/div>\n\t\t\t\t<div class=\"elementor-element elementor-element-d08e9cd elementor-widget elementor-widget-shortcode\" data-id=\"d08e9cd\" data-element_type=\"widget\" data-e-type=\"widget\" data-widget_type=\"shortcode.default\">\n\t\t\t\t\t\t\t<div class=\"elementor-shortcode\">\n<table id=\"tablepress-1\" class=\"tablepress tablepress-id-1\">\n<thead>\n<tr class=\"row-1\">\n\t<th class=\"column-1\">Nap<\/th><th class=\"column-2\">Doh\u00e1ny Templom<\/th><th class=\"column-3\">Talmud-T\u00f3ra<\/th>\n<\/tr>\n<\/thead>\n<tbody>\n<tr class=\"row-2\">\n\t<td class=\"column-1\">P\u00e9ntek<\/td><td class=\"column-2\">18:00<\/td><td class=\"column-3\">7:30<\/td>\n<\/tr>\n<tr class=\"row-3\">\n\t<td class=\"column-1\">Szombat<\/td><td class=\"column-2\">9:30<\/td><td class=\"column-3\">-<\/td>\n<\/tr>\n<tr class=\"row-4\">\n\t<td class=\"column-1\">Vas\u00e1rnap<\/td><td class=\"column-2\">-<\/td><td class=\"column-3\">8:00 \u00e9s 18:00<\/td>\n<\/tr>\n<tr class=\"row-5\">\n\t<td class=\"column-1\">H\u00e9tf\u0151<\/td><td class=\"column-2\">-<\/td><td class=\"column-3\">7:30 \u00e9s 18:00<\/td>\n<\/tr>\n<tr class=\"row-6\">\n\t<td class=\"column-1\">Kedd<\/td><td class=\"column-2\">-<\/td><td class=\"column-3\">7:30 \u00e9s 18:00<\/td>\n<\/tr>\n<tr class=\"row-7\">\n\t<td class=\"column-1\">Szerda<\/td><td class=\"column-2\">-<\/td><td class=\"column-3\">7:30 \u00e9s 18:00<\/td>\n<\/tr>\n<tr class=\"row-8\">\n\t<td class=\"column-1\">Cs\u00fct\u00f6rt\u00f6k<\/td><td class=\"column-2\">-<\/td><td class=\"column-3\">7:30 \u00e9s 18:00<\/td>\n<\/tr>\n<\/tbody>\n<\/table>\n<!-- #tablepress-1 from cache --><\/div>\n\t\t\t\t\t\t<\/div>\n\t\t\t\t<\/div>\n\t\t<div class=\"elementor-element elementor-element-b47c030 e-con-full e-flex e-con e-child\" data-id=\"b47c030\" data-element_type=\"container\" data-e-type=\"container\">\n\t\t\t\t<div class=\"elementor-element elementor-element-daec919 elementor-widget elementor-widget-heading\" data-id=\"daec919\" data-element_type=\"widget\" data-e-type=\"widget\" data-widget_type=\"heading.default\">\n\t\t\t\t\t<h2 class=\"elementor-heading-title elementor-size-default\">November 1. \u00e9s m\u00e1rcius 31. k\u00f6z\u00f6tt<\/h2>\t\t\t\t<\/div>\n\t\t\t\t<div class=\"elementor-element elementor-element-1cfaed7 elementor-widget elementor-widget-shortcode\" data-id=\"1cfaed7\" data-element_type=\"widget\" data-e-type=\"widget\" data-widget_type=\"shortcode.default\">\n\t\t\t\t\t\t\t<div class=\"elementor-shortcode\">\n<table id=\"tablepress-2\" class=\"tablepress tablepress-id-2\">\n<thead>\n<tr class=\"row-1\">\n\t<th class=\"column-1\">Nap<\/th><th class=\"column-2\">H\u0151s\u00f6k Temploma <\/th><th class=\"column-3\">Talmud-T\u00f3ra<\/th>\n<\/tr>\n<\/thead>\n<tbody>\n<tr class=\"row-2\">\n\t<td class=\"column-1\">P\u00e9ntek<\/td><td class=\"column-2\">17:00<\/td><td class=\"column-3\">7:30<\/td>\n<\/tr>\n<tr class=\"row-3\">\n\t<td class=\"column-1\">Szombat<\/td><td class=\"column-2\">9:30<\/td><td class=\"column-3\">-<\/td>\n<\/tr>\n<tr class=\"row-4\">\n\t<td class=\"column-1\">Vas\u00e1rnap<\/td><td class=\"column-2\">-<\/td><td class=\"column-3\">8:00 \u00e9s 18:00<\/td>\n<\/tr>\n<tr class=\"row-5\">\n\t<td class=\"column-1\">H\u00e9tf\u0151<\/td><td class=\"column-2\">-<\/td><td class=\"column-3\">7:30 \u00e9s 18:00<\/td>\n<\/tr>\n<tr class=\"row-6\">\n\t<td class=\"column-1\">Kedd<\/td><td class=\"column-2\">-<\/td><td class=\"column-3\">7:30 \u00e9s 18:00<\/td>\n<\/tr>\n<tr class=\"row-7\">\n\t<td class=\"column-1\">Szerda<\/td><td class=\"column-2\">-<\/td><td class=\"column-3\">7:30 \u00e9s 18:00<\/td>\n<\/tr>\n<tr class=\"row-8\">\n\t<td class=\"column-1\">Cs\u00fct\u00f6rt\u00f6k<\/td><td class=\"column-2\">-<\/td><td class=\"column-3\">7:30 \u00e9s 18:00<\/td>\n<\/tr>\n<\/tbody>\n<\/table>\n<!-- #tablepress-2 from cache --><\/div>\n\t\t\t\t\t\t<\/div>\n\t\t\t\t<\/div>\n\t\t\t\t\t<\/div>\n\t\t\t\t<\/div>\n\t\t<div class=\"elementor-element elementor-element-9700d46 e-con-full e-flex e-con e-parent\" data-id=\"9700d46\" data-element_type=\"container\" data-e-type=\"container\">\n\t\t<div class=\"elementor-element elementor-element-828f3dd e-con-full e-flex e-con e-child\" data-id=\"828f3dd\" data-element_type=\"container\" data-e-type=\"container\">\n\t\t<div class=\"elementor-element elementor-element-11382be e-con-full e-flex e-con e-child\" data-id=\"11382be\" data-element_type=\"container\" data-e-type=\"container\">\n\t\t\t\t<div class=\"elementor-element elementor-element-1d10edb elementor-widget elementor-widget-heading\" data-id=\"1d10edb\" data-element_type=\"widget\" data-e-type=\"widget\" data-widget_type=\"heading.default\">\n\t\t\t\t\t<h2 class=\"elementor-heading-title elementor-size-default\">Mi\u00e9rt a Doh\u00e1ny Templomk\u00f6rzet?<\/h2>\t\t\t\t<\/div>\n\t\t\t\t<\/div>\n\t\t<div class=\"elementor-element elementor-element-6047033 e-con-full e-flex e-con e-child\" data-id=\"6047033\" data-element_type=\"container\" data-e-type=\"container\">\n\t\t\t\t<div class=\"elementor-element elementor-element-d7bbf5b elementor-widget-divider--separator-type-pattern elementor-widget-divider--view-line elementor-widget elementor-widget-divider\" data-id=\"d7bbf5b\" data-element_type=\"widget\" data-e-type=\"widget\" data-widget_type=\"divider.default\">\n\t\t\t\t\t\t\t<div class=\"elementor-divider\" style=\"--divider-pattern-url: url(&quot;data:image\/svg+xml,%3Csvg xmlns=&#039;http:\/\/www.w3.org\/2000\/svg&#039; preserveAspectRatio=&#039;none&#039; overflow=&#039;visible&#039; height=&#039;100%&#039; viewBox=&#039;0 0 20 16&#039; fill=&#039;none&#039; stroke=&#039;black&#039; stroke-width=&#039;1.8&#039; stroke-linecap=&#039;square&#039; stroke-miterlimit=&#039;10&#039;%3E%3Cg transform=&#039;translate(-12.000000, 0)&#039;%3E%3Cpath d=&#039;M28,0L10,18&#039;\/%3E%3Cpath d=&#039;M18,0L0,18&#039;\/%3E%3Cpath d=&#039;M48,0L30,18&#039;\/%3E%3Cpath d=&#039;M38,0L20,18&#039;\/%3E%3C\/g%3E%3C\/svg%3E&quot;);\">\n\t\t\t<span class=\"elementor-divider-separator\">\n\t\t\t\t\t\t<\/span>\n\t\t<\/div>\n\t\t\t\t\t\t<\/div>\n\t\t\t\t<\/div>\n\t\t\t\t<\/div>\n\t\t\t\t<\/div>\n\t\t<div class=\"elementor-element elementor-element-582f466 e-con-full e-flex e-con e-parent\" data-id=\"582f466\" data-element_type=\"container\" data-e-type=\"container\">\n\t\t<div class=\"elementor-element elementor-element-28dee78 e-con-full e-flex e-con e-child\" data-id=\"28dee78\" data-element_type=\"container\" data-e-type=\"container\">\n\t\t\t\t<div class=\"elementor-element elementor-element-5b8b6e7 elementor-widget elementor-widget-image\" data-id=\"5b8b6e7\" data-element_type=\"widget\" data-e-type=\"widget\" data-widget_type=\"image.default\">\n\t\t\t\t\t\t\t\t\t\t\t\t\t\t\t<img decoding=\"async\" width=\"800\" height=\"607\" src=\"https:\/\/dohany-zsinagoga.hu\/wp-content\/uploads\/2025\/10\/Kepernyofoto-2025-10-29-21.10.18.png\" class=\"attachment-large size-large wp-image-991\" alt=\"\" srcset=\"https:\/\/dohany-zsinagoga.hu\/wp-content\/uploads\/2025\/10\/Kepernyofoto-2025-10-29-21.10.18.png 864w, https:\/\/dohany-zsinagoga.hu\/wp-content\/uploads\/2025\/10\/Kepernyofoto-2025-10-29-21.10.18-300x228.png 300w, https:\/\/dohany-zsinagoga.hu\/wp-content\/uploads\/2025\/10\/Kepernyofoto-2025-10-29-21.10.18-768x583.png 768w\" sizes=\"(max-width: 800px) 100vw, 800px\" \/>\t\t\t\t\t\t\t\t\t\t\t\t\t\t\t<\/div>\n\t\t\t\t<\/div>\n\t\t<div class=\"elementor-element elementor-element-ac13200 e-con-full e-flex e-con e-child\" data-id=\"ac13200\" data-element_type=\"container\" data-e-type=\"container\">\n\t\t\t\t<div class=\"elementor-element elementor-element-5682b49 elementor-widget elementor-widget-image\" data-id=\"5682b49\" data-element_type=\"widget\" data-e-type=\"widget\" data-widget_type=\"image.default\">\n\t\t\t\t\t\t\t\t\t\t\t\t\t\t\t<img decoding=\"async\" width=\"800\" height=\"607\" src=\"https:\/\/dohany-zsinagoga.hu\/wp-content\/uploads\/2025\/10\/Kepernyofoto-2025-10-29-21.10.30.png\" class=\"attachment-large size-large wp-image-992\" alt=\"\" srcset=\"https:\/\/dohany-zsinagoga.hu\/wp-content\/uploads\/2025\/10\/Kepernyofoto-2025-10-29-21.10.30.png 864w, https:\/\/dohany-zsinagoga.hu\/wp-content\/uploads\/2025\/10\/Kepernyofoto-2025-10-29-21.10.30-300x228.png 300w, https:\/\/dohany-zsinagoga.hu\/wp-content\/uploads\/2025\/10\/Kepernyofoto-2025-10-29-21.10.30-768x583.png 768w\" sizes=\"(max-width: 800px) 100vw, 800px\" \/>\t\t\t\t\t\t\t\t\t\t\t\t\t\t\t<\/div>\n\t\t\t\t<\/div>\n\t\t<div class=\"elementor-element elementor-element-60827f0 e-con-full e-flex e-con e-child\" data-id=\"60827f0\" data-element_type=\"container\" data-e-type=\"container\">\n\t\t\t\t<div class=\"elementor-element elementor-element-3f50bee elementor-widget elementor-widget-image\" data-id=\"3f50bee\" data-element_type=\"widget\" data-e-type=\"widget\" data-widget_type=\"image.default\">\n\t\t\t\t\t\t\t\t\t\t\t\t\t\t\t<img loading=\"lazy\" decoding=\"async\" width=\"800\" height=\"607\" src=\"https:\/\/dohany-zsinagoga.hu\/wp-content\/uploads\/2025\/10\/Kepernyofoto-2025-10-29-21.10.37.png\" class=\"attachment-large size-large wp-image-993\" alt=\"\" srcset=\"https:\/\/dohany-zsinagoga.hu\/wp-content\/uploads\/2025\/10\/Kepernyofoto-2025-10-29-21.10.37.png 864w, https:\/\/dohany-zsinagoga.hu\/wp-content\/uploads\/2025\/10\/Kepernyofoto-2025-10-29-21.10.37-300x228.png 300w, https:\/\/dohany-zsinagoga.hu\/wp-content\/uploads\/2025\/10\/Kepernyofoto-2025-10-29-21.10.37-768x583.png 768w\" sizes=\"(max-width: 800px) 100vw, 800px\" \/>\t\t\t\t\t\t\t\t\t\t\t\t\t\t\t<\/div>\n\t\t\t\t<\/div>\n\t\t<div class=\"elementor-element elementor-element-cebcadb e-con-full e-flex e-con e-child\" data-id=\"cebcadb\" data-element_type=\"container\" data-e-type=\"container\">\n\t\t\t\t<div class=\"elementor-element elementor-element-53ff055 elementor-widget elementor-widget-image\" data-id=\"53ff055\" data-element_type=\"widget\" data-e-type=\"widget\" data-widget_type=\"image.default\">\n\t\t\t\t\t\t\t\t\t\t\t\t\t\t\t<img loading=\"lazy\" decoding=\"async\" width=\"800\" height=\"607\" src=\"https:\/\/dohany-zsinagoga.hu\/wp-content\/uploads\/2025\/10\/Kepernyofoto-2025-10-29-21.10.45.png\" class=\"attachment-large size-large wp-image-994\" alt=\"\" srcset=\"https:\/\/dohany-zsinagoga.hu\/wp-content\/uploads\/2025\/10\/Kepernyofoto-2025-10-29-21.10.45.png 864w, https:\/\/dohany-zsinagoga.hu\/wp-content\/uploads\/2025\/10\/Kepernyofoto-2025-10-29-21.10.45-300x228.png 300w, https:\/\/dohany-zsinagoga.hu\/wp-content\/uploads\/2025\/10\/Kepernyofoto-2025-10-29-21.10.45-768x583.png 768w\" sizes=\"(max-width: 800px) 100vw, 800px\" \/>\t\t\t\t\t\t\t\t\t\t\t\t\t\t\t<\/div>\n\t\t\t\t<\/div>\n\t\t<div class=\"elementor-element elementor-element-202f916 e-con-full e-flex e-con e-child\" data-id=\"202f916\" data-element_type=\"container\" data-e-type=\"container\">\n\t\t\t\t<div class=\"elementor-element elementor-element-b35177e elementor-widget elementor-widget-image\" data-id=\"b35177e\" data-element_type=\"widget\" data-e-type=\"widget\" data-widget_type=\"image.default\">\n\t\t\t\t\t\t\t\t\t\t\t\t\t\t\t<img loading=\"lazy\" decoding=\"async\" width=\"800\" height=\"607\" src=\"https:\/\/dohany-zsinagoga.hu\/wp-content\/uploads\/2025\/10\/Kepernyofoto-2025-10-29-21.10.53.png\" class=\"attachment-large size-large wp-image-995\" alt=\"\" srcset=\"https:\/\/dohany-zsinagoga.hu\/wp-content\/uploads\/2025\/10\/Kepernyofoto-2025-10-29-21.10.53.png 864w, https:\/\/dohany-zsinagoga.hu\/wp-content\/uploads\/2025\/10\/Kepernyofoto-2025-10-29-21.10.53-300x228.png 300w, https:\/\/dohany-zsinagoga.hu\/wp-content\/uploads\/2025\/10\/Kepernyofoto-2025-10-29-21.10.53-768x583.png 768w\" sizes=\"(max-width: 800px) 100vw, 800px\" \/>\t\t\t\t\t\t\t\t\t\t\t\t\t\t\t<\/div>\n\t\t\t\t<\/div>\n\t\t<div class=\"elementor-element elementor-element-30e3a5e e-con-full e-flex e-con e-child\" data-id=\"30e3a5e\" data-element_type=\"container\" data-e-type=\"container\">\n\t\t\t\t<div class=\"elementor-element elementor-element-68c745a elementor-widget elementor-widget-image\" data-id=\"68c745a\" data-element_type=\"widget\" data-e-type=\"widget\" data-widget_type=\"image.default\">\n\t\t\t\t\t\t\t\t\t\t\t\t\t\t\t<img loading=\"lazy\" decoding=\"async\" width=\"800\" height=\"607\" src=\"https:\/\/dohany-zsinagoga.hu\/wp-content\/uploads\/2025\/10\/Kepernyofoto-2025-10-29-21.11.02.png\" class=\"attachment-large size-large wp-image-996\" alt=\"\" srcset=\"https:\/\/dohany-zsinagoga.hu\/wp-content\/uploads\/2025\/10\/Kepernyofoto-2025-10-29-21.11.02.png 864w, https:\/\/dohany-zsinagoga.hu\/wp-content\/uploads\/2025\/10\/Kepernyofoto-2025-10-29-21.11.02-300x228.png 300w, https:\/\/dohany-zsinagoga.hu\/wp-content\/uploads\/2025\/10\/Kepernyofoto-2025-10-29-21.11.02-768x583.png 768w\" sizes=\"(max-width: 800px) 100vw, 800px\" \/>\t\t\t\t\t\t\t\t\t\t\t\t\t\t\t<\/div>\n\t\t\t\t<\/div>\n\t\t\t\t<\/div>\n\t\t\t\t<\/div>\n\t\t","protected":false},"excerpt":{"rendered":"<p>Ima, k\u00f6z\u00f6ss\u00e9g, hagyom\u00e1ny A Doh\u00e1ny utcai zsinag\u00f3ga nemcsak \u00e9p\u00edt\u00e9szeti \u00e9kk\u0151, hanem \u00e9l\u0151, l\u00fcktet\u0151 lelki k\u00f6zpont is. Itt amellett, hogy im\u00e1dkozunk, kapcsol\u00f3dunk Istenhez, egym\u00e1shoz \u00e9s \u00f6nmagunkhoz. A k\u00f6z\u00f6s ima id\u0151t ad a meg\u00e1ll\u00e1sra, az elcsendesed\u00e9sre, az elm\u00e9ly\u00fcl\u00e9sre, \u00e9s a k\u00f6z\u00f6ss\u00e9g meger\u0151s\u00edt\u00e9s\u00e9re. H\u00e9tr\u0151l h\u00e9tre, \u00fcnnepr\u0151l \u00fcnnepre egy\u00fctt id\u00e9zz\u00fck meg hagyom\u00e1nyaink \u00f6r\u00f6knerej\u00e9t \u00e9s sz\u00e9ps\u00e9g\u00e9t. Legyen sz\u00f3 szombatfogad\u00e1sr\u00f3l, reggeli [&hellip;]<\/p>\n","protected":false},"author":2,"featured_media":0,"parent":0,"menu_order":0,"comment_status":"closed","ping_status":"closed","template":"","meta":{"footnotes":""},"class_list":["post-928","page","type-page","status-publish","hentry"],"jetpack_sharing_enabled":true,"_links":{"self":[{"href":"https:\/\/dohany-zsinagoga.hu\/index.php?rest_route=\/wp\/v2\/pages\/928","targetHints":{"allow":["GET"]}}],"collection":[{"href":"https:\/\/dohany-zsinagoga.hu\/index.php?rest_route=\/wp\/v2\/pages"}],"about":[{"href":"https:\/\/dohany-zsinagoga.hu\/index.php?rest_route=\/wp\/v2\/types\/page"}],"author":[{"embeddable":true,"href":"https:\/\/dohany-zsinagoga.hu\/index.php?rest_route=\/wp\/v2\/users\/2"}],"replies":[{"embeddable":true,"href":"https:\/\/dohany-zsinagoga.hu\/index.php?rest_route=%2Fwp%2Fv2%2Fcomments&post=928"}],"version-history":[{"count":124,"href":"https:\/\/dohany-zsinagoga.hu\/index.php?rest_route=\/wp\/v2\/pages\/928\/revisions"}],"predecessor-version":[{"id":1485,"href":"https:\/\/dohany-zsinagoga.hu\/index.php?rest_route=\/wp\/v2\/pages\/928\/revisions\/1485"}],"wp:attachment":[{"href":"https:\/\/dohany-zsinagoga.hu\/index.php?rest_route=%2Fwp%2Fv2%2Fmedia&parent=928"}],"curies":[{"name":"wp","href":"https:\/\/api.w.org\/{rel}","templated":true}]}}