{"id":789,"date":"2025-10-27T21:02:32","date_gmt":"2025-10-27T21:02:32","guid":{"rendered":"https:\/\/dohany-zsinagoga.hu\/?page_id=789"},"modified":"2026-01-08T12:56:52","modified_gmt":"2026-01-08T12:56:52","slug":"a-dohany-zsinagoga","status":"publish","type":"page","link":"https:\/\/dohany-zsinagoga.hu\/?page_id=789","title":{"rendered":"A Doh\u00e1ny Zsinag\u00f3ga"},"content":{"rendered":"\t\t<div data-elementor-type=\"wp-page\" data-elementor-id=\"789\" class=\"elementor elementor-789\">\n\t\t\t\t<div class=\"elementor-element elementor-element-4f2158c e-con-full e-flex e-con e-parent\" data-id=\"4f2158c\" data-element_type=\"container\" data-e-type=\"container\">\n\t\t<div class=\"elementor-element elementor-element-36937e2 e-con-full e-flex e-con e-child\" data-id=\"36937e2\" data-element_type=\"container\" data-e-type=\"container\">\n\t\t<div class=\"elementor-element elementor-element-790bc37 e-con-full e-flex e-con e-child\" data-id=\"790bc37\" data-element_type=\"container\" data-e-type=\"container\">\n\t\t\t\t<div class=\"elementor-element elementor-element-1ea67b5 elementor-widget elementor-widget-heading\" data-id=\"1ea67b5\" data-element_type=\"widget\" data-e-type=\"widget\" data-widget_type=\"heading.default\">\n\t\t\t\t\t<h2 class=\"elementor-heading-title elementor-size-default\">A Doh\u00e1ny Zsinag\u00f3ga<\/h2>\t\t\t\t<\/div>\n\t\t\t\t<\/div>\n\t\t<div class=\"elementor-element elementor-element-e697dc5 e-con-full e-flex e-con e-child\" data-id=\"e697dc5\" data-element_type=\"container\" data-e-type=\"container\">\n\t\t\t\t<div class=\"elementor-element elementor-element-94e85ce elementor-widget-divider--separator-type-pattern elementor-widget-divider--view-line elementor-widget elementor-widget-divider\" data-id=\"94e85ce\" data-element_type=\"widget\" data-e-type=\"widget\" data-widget_type=\"divider.default\">\n\t\t\t\t\t\t\t<div class=\"elementor-divider\" style=\"--divider-pattern-url: url(&quot;data:image\/svg+xml,%3Csvg xmlns=&#039;http:\/\/www.w3.org\/2000\/svg&#039; preserveAspectRatio=&#039;none&#039; overflow=&#039;visible&#039; height=&#039;100%&#039; viewBox=&#039;0 0 20 16&#039; fill=&#039;none&#039; stroke=&#039;black&#039; stroke-width=&#039;1.8&#039; stroke-linecap=&#039;square&#039; stroke-miterlimit=&#039;10&#039;%3E%3Cg transform=&#039;translate(-12.000000, 0)&#039;%3E%3Cpath d=&#039;M28,0L10,18&#039;\/%3E%3Cpath d=&#039;M18,0L0,18&#039;\/%3E%3Cpath d=&#039;M48,0L30,18&#039;\/%3E%3Cpath d=&#039;M38,0L20,18&#039;\/%3E%3C\/g%3E%3C\/svg%3E&quot;);\">\n\t\t\t<span class=\"elementor-divider-separator\">\n\t\t\t\t\t\t<\/span>\n\t\t<\/div>\n\t\t\t\t\t\t<\/div>\n\t\t\t\t<\/div>\n\t\t\t\t<\/div>\n\t\t\t\t<\/div>\n\t\t<div class=\"elementor-element elementor-element-3e56c39 e-con-full e-flex e-con e-parent\" data-id=\"3e56c39\" data-element_type=\"container\" data-e-type=\"container\">\n\t\t<div class=\"elementor-element elementor-element-87d2476 e-con-full e-flex e-con e-child\" data-id=\"87d2476\" data-element_type=\"container\" data-e-type=\"container\">\n\t\t\t\t<div class=\"elementor-element elementor-element-70d4ed5 elementor-widget elementor-widget-image\" data-id=\"70d4ed5\" data-element_type=\"widget\" data-e-type=\"widget\" data-widget_type=\"image.default\">\n\t\t\t\t\t\t\t\t\t\t\t\t\t\t\t<img fetchpriority=\"high\" decoding=\"async\" width=\"2054\" height=\"1228\" src=\"https:\/\/dohany-zsinagoga.hu\/wp-content\/uploads\/2025\/10\/Kepernyofoto-2025-10-27-22.11.36.png\" class=\"attachment-full size-full wp-image-801\" alt=\"\" srcset=\"https:\/\/dohany-zsinagoga.hu\/wp-content\/uploads\/2025\/10\/Kepernyofoto-2025-10-27-22.11.36.png 2054w, https:\/\/dohany-zsinagoga.hu\/wp-content\/uploads\/2025\/10\/Kepernyofoto-2025-10-27-22.11.36-300x179.png 300w, https:\/\/dohany-zsinagoga.hu\/wp-content\/uploads\/2025\/10\/Kepernyofoto-2025-10-27-22.11.36-1024x612.png 1024w, https:\/\/dohany-zsinagoga.hu\/wp-content\/uploads\/2025\/10\/Kepernyofoto-2025-10-27-22.11.36-768x459.png 768w, https:\/\/dohany-zsinagoga.hu\/wp-content\/uploads\/2025\/10\/Kepernyofoto-2025-10-27-22.11.36-1536x918.png 1536w, https:\/\/dohany-zsinagoga.hu\/wp-content\/uploads\/2025\/10\/Kepernyofoto-2025-10-27-22.11.36-2048x1224.png 2048w\" sizes=\"(max-width: 2054px) 100vw, 2054px\" \/>\t\t\t\t\t\t\t\t\t\t\t\t\t\t\t<\/div>\n\t\t\t\t<\/div>\n\t\t<div class=\"elementor-element elementor-element-641c24a e-con-full e-flex e-con e-child\" data-id=\"641c24a\" data-element_type=\"container\" data-e-type=\"container\" data-settings=\"{&quot;background_background&quot;:&quot;gradient&quot;}\">\n\t\t<div class=\"elementor-element elementor-element-46b5a5a e-con-full e-flex e-con e-child\" data-id=\"46b5a5a\" data-element_type=\"container\" data-e-type=\"container\">\n\t\t\t\t<div class=\"elementor-element elementor-element-b584e94 elementor-widget elementor-widget-heading\" data-id=\"b584e94\" data-element_type=\"widget\" data-e-type=\"widget\" data-widget_type=\"heading.default\">\n\t\t\t\t\t<h2 class=\"elementor-heading-title elementor-size-default\">A Doh\u00e1ny Zsinag\u00f3ga sz\u00e1mokban:<\/h2>\t\t\t\t<\/div>\n\t\t\t\t<div class=\"elementor-element elementor-element-9cc1014 elementor-widget elementor-widget-text-editor\" data-id=\"9cc1014\" data-element_type=\"widget\" data-e-type=\"widget\" data-widget_type=\"text-editor.default\">\n\t\t\t\t\t\t\t\t\t<p>\u2022 <strong>A templom hossza:<\/strong> 53,1 m\u00e9ter<br \/>\u2022 <strong>A templom sz\u00e9less\u00e9ge:<\/strong> 26,5 m\u00e9ter<br \/>\u2022 <strong>Bels\u0151 t\u00e9r:<\/strong> 1200 n\u00e9gyzetm\u00e9ter<br \/>\u2022 <strong>Bels\u0151 haj\u00f3 a Szent\u00e9ly emelv\u00e9ny\u00e9ig:<\/strong><br \/>\u00a0 \u00a0\u2013 37,9 m\u00e9ter hossz\u00fa,<br \/>\u00a0 \u00a0\u2013 24,6 m\u00e9ter sz\u00e9les,<br \/>\u00a0 \u00a0\u2013 26 m\u00e9ter belmagass\u00e1ga<br \/>\u2022 <strong>A Frigyszekr\u00e9ny magass\u00e1ga<\/strong>: 8,2 m\u00e9ter<br \/>\u2022 <strong>F\u00e9r\u0151helyek sz\u00e1ma:<\/strong> 1497 f\u00e9rfi \u00e9s 1472 n\u0151i \u00fcl\u00e9s\u00a0<\/p>\t\t\t\t\t\t\t\t<\/div>\n\t\t\t\t<\/div>\n\t\t\t\t<\/div>\n\t\t\t\t<\/div>\n\t\t<div class=\"elementor-element elementor-element-3be0d7a e-con-full e-flex e-con e-parent\" data-id=\"3be0d7a\" data-element_type=\"container\" data-e-type=\"container\">\n\t\t<div class=\"elementor-element elementor-element-2b934f1 e-con-full e-flex e-con e-child\" data-id=\"2b934f1\" data-element_type=\"container\" data-e-type=\"container\">\n\t\t\t\t<div class=\"elementor-element elementor-element-e43aebe elementor-widget elementor-widget-image\" data-id=\"e43aebe\" data-element_type=\"widget\" data-e-type=\"widget\" data-widget_type=\"image.default\">\n\t\t\t\t\t\t\t\t\t\t\t\t\t\t\t<img decoding=\"async\" width=\"1000\" height=\"422\" src=\"https:\/\/dohany-zsinagoga.hu\/wp-content\/uploads\/2025\/10\/Kepernyofoto-2025-10-29-18.39.04-e1761759600382.png\" class=\"attachment-full size-full wp-image-865\" alt=\"\" \/>\t\t\t\t\t\t\t\t\t\t\t\t\t\t\t<\/div>\n\t\t\t\t<\/div>\n\t\t<div class=\"elementor-element elementor-element-0337db9 e-con-full e-flex e-con e-child\" data-id=\"0337db9\" data-element_type=\"container\" data-e-type=\"container\">\n\t\t<div class=\"elementor-element elementor-element-aef1669 e-con-full e-flex e-con e-child\" data-id=\"aef1669\" data-element_type=\"container\" data-e-type=\"container\">\n\t\t<div class=\"elementor-element elementor-element-0ac0f89 e-con-full e-flex e-con e-child\" data-id=\"0ac0f89\" data-element_type=\"container\" data-e-type=\"container\">\n\t\t<div class=\"elementor-element elementor-element-f32ce8d e-con-full e-flex e-con e-child\" data-id=\"f32ce8d\" data-element_type=\"container\" data-e-type=\"container\">\n\t\t\t\t<div class=\"elementor-element elementor-element-3846bf8 elementor-widget elementor-widget-heading\" data-id=\"3846bf8\" data-element_type=\"widget\" data-e-type=\"widget\" data-widget_type=\"heading.default\">\n\t\t\t\t\t<h2 class=\"elementor-heading-title elementor-size-default\">H\u0151s\u00f6k temploma<\/h2>\t\t\t\t<\/div>\n\t\t\t\t<\/div>\n\t\t<div class=\"elementor-element elementor-element-4a7a610 e-con-full e-flex e-con e-child\" data-id=\"4a7a610\" data-element_type=\"container\" data-e-type=\"container\">\n\t\t\t\t<div class=\"elementor-element elementor-element-4415fc8 elementor-widget-divider--separator-type-pattern elementor-widget-divider--view-line elementor-widget elementor-widget-divider\" data-id=\"4415fc8\" data-element_type=\"widget\" data-e-type=\"widget\" data-widget_type=\"divider.default\">\n\t\t\t\t\t\t\t<div class=\"elementor-divider\" style=\"--divider-pattern-url: url(&quot;data:image\/svg+xml,%3Csvg xmlns=&#039;http:\/\/www.w3.org\/2000\/svg&#039; preserveAspectRatio=&#039;none&#039; overflow=&#039;visible&#039; height=&#039;100%&#039; viewBox=&#039;0 0 20 16&#039; fill=&#039;none&#039; stroke=&#039;black&#039; stroke-width=&#039;1.8&#039; stroke-linecap=&#039;square&#039; stroke-miterlimit=&#039;10&#039;%3E%3Cg transform=&#039;translate(-12.000000, 0)&#039;%3E%3Cpath d=&#039;M28,0L10,18&#039;\/%3E%3Cpath d=&#039;M18,0L0,18&#039;\/%3E%3Cpath d=&#039;M48,0L30,18&#039;\/%3E%3Cpath d=&#039;M38,0L20,18&#039;\/%3E%3C\/g%3E%3C\/svg%3E&quot;);\">\n\t\t\t<span class=\"elementor-divider-separator\">\n\t\t\t\t\t\t<\/span>\n\t\t<\/div>\n\t\t\t\t\t\t<\/div>\n\t\t\t\t<\/div>\n\t\t\t\t<\/div>\n\t\t\t\t<\/div>\n\t\t<div class=\"elementor-element elementor-element-0bb1876 e-con-full e-flex e-con e-child\" data-id=\"0bb1876\" data-element_type=\"container\" data-e-type=\"container\">\n\t\t\t\t<div class=\"elementor-element elementor-element-b49e805 elementor-widget elementor-widget-text-editor\" data-id=\"b49e805\" data-element_type=\"widget\" data-e-type=\"widget\" data-widget_type=\"text-editor.default\">\n\t\t\t\t\t\t\t\t\t<p>Ma m\u00e1r elv\u00e1laszthatatlan r\u00e9sze a Doh\u00e1ny utcai zsinag\u00f3g\u00e1nak. A t\u00e9li id\u0151szak alatt a p\u00e9ntek esti \u00e9s szombat d\u00e9lel\u0151tti istentiszteletek sor\u00e1n haszn\u00e1lt, 186 szem\u00e9lyes zsinag\u00f3ga 1931-ben \u00e9p\u00fclt. Annak a 10 000 magyar zsid\u00f3 katon\u00e1nak \u00e1ll\u00edt eml\u00e9ket, akik az els\u0151 vil\u00e1gh\u00e1bor\u00fa harcmez\u0151in dics\u0151s\u00e9get szerezve h\u0151si hal\u00e1lt haltak. A bej\u00e1rat felett h\u00e9ber sz\u00f6vegb\u0151l form\u00e1lt hatalmas D\u00e1vid-csillag l\u00e1that\u00f3. A d\u00edsz\u00edt\u0151elem k\u00fcl\u00f6nlegess\u00e9ge, hogy a k\u00f6vetkez\u0151 bibliai id\u00e9zetek bet\u0171ib\u0151l alakul ki a csillag:<\/p>\t\t\t\t\t\t\t\t<\/div>\n\t\t\t\t<div class=\"elementor-element elementor-element-7963922 elementor-widget elementor-widget-text-editor\" data-id=\"7963922\" data-element_type=\"widget\" data-e-type=\"widget\" data-widget_type=\"text-editor.default\">\n\t\t\t\t\t\t\t\t\t<p>\u201e\u2026Jaj, hogy a h\u0151s\u00f6k elhullottak a harcban,, \u2013 \u05d0\u05b5\u05d9\u05da\u05b0 \u05e0\u05b8\u05e4\u05b0\u05dc\u05d5\u05bc \u05d2\u05b4\u05bc\u05d1\u05bc\u05d5\u05b9\u05e8\u05b4\u05d9\u05dd\u201d<\/p>\t\t\t\t\t\t\t\t<\/div>\n\t\t\t\t<\/div>\n\t\t\t\t<\/div>\n\t\t\t\t<\/div>\n\t\t<div class=\"elementor-element elementor-element-86a50c9 e-con-full e-flex e-con e-parent\" data-id=\"86a50c9\" data-element_type=\"container\" data-e-type=\"container\">\n\t\t<div class=\"elementor-element elementor-element-5ca2f72 e-con-full e-flex e-con e-child\" data-id=\"5ca2f72\" data-element_type=\"container\" data-e-type=\"container\">\n\t\t\t\t<div class=\"elementor-element elementor-element-c66bafa elementor-widget elementor-widget-image\" data-id=\"c66bafa\" data-element_type=\"widget\" data-e-type=\"widget\" data-widget_type=\"image.default\">\n\t\t\t\t\t\t\t\t\t\t\t\t\t\t\t<img decoding=\"async\" width=\"1000\" height=\"464\" src=\"https:\/\/dohany-zsinagoga.hu\/wp-content\/uploads\/2025\/10\/Kepernyofoto-2025-10-29-18.43.07-e1761759819943.png\" class=\"attachment-full size-full wp-image-875\" alt=\"\" \/>\t\t\t\t\t\t\t\t\t\t\t\t\t\t\t<\/div>\n\t\t\t\t<\/div>\n\t\t<div class=\"elementor-element elementor-element-b69f970 e-con-full e-flex e-con e-child\" data-id=\"b69f970\" data-element_type=\"container\" data-e-type=\"container\">\n\t\t<div class=\"elementor-element elementor-element-67a799d e-con-full e-flex e-con e-child\" data-id=\"67a799d\" data-element_type=\"container\" data-e-type=\"container\">\n\t\t<div class=\"elementor-element elementor-element-991477d e-flex e-con-boxed e-con e-child\" data-id=\"991477d\" data-element_type=\"container\" data-e-type=\"container\">\n\t\t\t\t\t<div class=\"e-con-inner\">\n\t\t<div class=\"elementor-element elementor-element-f557b3f e-con-full e-flex e-con e-child\" data-id=\"f557b3f\" data-element_type=\"container\" data-e-type=\"container\">\n\t\t\t\t<div class=\"elementor-element elementor-element-69eddea elementor-widget elementor-widget-heading\" data-id=\"69eddea\" data-element_type=\"widget\" data-e-type=\"widget\" data-widget_type=\"heading.default\">\n\t\t\t\t\t<h2 class=\"elementor-heading-title elementor-size-default\">Emanuel Eml\u00e9kpark<\/h2>\t\t\t\t<\/div>\n\t\t\t\t<\/div>\n\t\t<div class=\"elementor-element elementor-element-6ca7a01 e-con-full e-flex e-con e-child\" data-id=\"6ca7a01\" data-element_type=\"container\" data-e-type=\"container\">\n\t\t\t\t<div class=\"elementor-element elementor-element-971d5a3 elementor-widget-divider--separator-type-pattern elementor-widget-divider--view-line elementor-widget elementor-widget-divider\" data-id=\"971d5a3\" data-element_type=\"widget\" data-e-type=\"widget\" data-widget_type=\"divider.default\">\n\t\t\t\t\t\t\t<div class=\"elementor-divider\" style=\"--divider-pattern-url: url(&quot;data:image\/svg+xml,%3Csvg xmlns=&#039;http:\/\/www.w3.org\/2000\/svg&#039; preserveAspectRatio=&#039;none&#039; overflow=&#039;visible&#039; height=&#039;100%&#039; viewBox=&#039;0 0 20 16&#039; fill=&#039;none&#039; stroke=&#039;black&#039; stroke-width=&#039;1.8&#039; stroke-linecap=&#039;square&#039; stroke-miterlimit=&#039;10&#039;%3E%3Cg transform=&#039;translate(-12.000000, 0)&#039;%3E%3Cpath d=&#039;M28,0L10,18&#039;\/%3E%3Cpath d=&#039;M18,0L0,18&#039;\/%3E%3Cpath d=&#039;M48,0L30,18&#039;\/%3E%3Cpath d=&#039;M38,0L20,18&#039;\/%3E%3C\/g%3E%3C\/svg%3E&quot;);\">\n\t\t\t<span class=\"elementor-divider-separator\">\n\t\t\t\t\t\t<\/span>\n\t\t<\/div>\n\t\t\t\t\t\t<\/div>\n\t\t\t\t<\/div>\n\t\t\t\t\t<\/div>\n\t\t\t\t<\/div>\n\t\t\t\t<\/div>\n\t\t<div class=\"elementor-element elementor-element-7069889 e-con-full e-flex e-con e-child\" data-id=\"7069889\" data-element_type=\"container\" data-e-type=\"container\">\n\t\t\t\t<div class=\"elementor-element elementor-element-1c1a1a5 elementor-widget elementor-widget-text-editor\" data-id=\"1c1a1a5\" data-element_type=\"widget\" data-e-type=\"widget\" data-widget_type=\"text-editor.default\">\n\t\t\t\t\t\t\t\t\t<p class=\"p1\">A s\u00edrkert mellett tal\u00e1lhat\u00f3 a Holokauszt-eml\u00e9kpark, amelyben kiemelkedik a Varga Imre \u00e1ltal tervezett, v\u00f6r\u00f6s gr\u00e1nit talapzaton \u00e1ll\u00f3, \u201cHolokauszt \u00e1ldozatainak eml\u00e9kf\u00e1ja\u201d.<\/p><p class=\"p1\">F\u00e9mb\u0151l k\u00e9sz\u00fclt leveleire ki-ki felv\u00e9setheti meghalt hozz\u00e1tartoz\u00f3ja nev\u00e9t. L\u00e9trej\u00f6tt\u00e9t a vil\u00e1gh\u00edr\u0171, magyar sz\u00e1rmaz\u00e1s\u00fa sz\u00edn\u00e9sz, Tony Curtis \u00e1ltal \u00e9letre h\u00edvott, a magyarorsz\u00e1gi zsinag\u00f3g\u00e1k \u00e9s zsid\u00f3 temet\u0151k meg\u0151rz\u00e9s\u00e9t seg\u00edt\u0151 Emanuel Alap\u00edtv\u00e1ny t\u00e1mogatta.<\/p>\t\t\t\t\t\t\t\t<\/div>\n\t\t\t\t<\/div>\n\t\t\t\t<\/div>\n\t\t\t\t<\/div>\n\t\t<div class=\"elementor-element elementor-element-5b05f11 e-con-full e-flex e-con e-parent\" data-id=\"5b05f11\" data-element_type=\"container\" data-e-type=\"container\">\n\t\t<div class=\"elementor-element elementor-element-b865d97 e-con-full e-flex e-con e-child\" data-id=\"b865d97\" data-element_type=\"container\" data-e-type=\"container\">\n\t\t\t\t<div class=\"elementor-element elementor-element-e06f0cc elementor-widget elementor-widget-image\" data-id=\"e06f0cc\" data-element_type=\"widget\" data-e-type=\"widget\" data-widget_type=\"image.default\">\n\t\t\t\t\t\t\t\t\t\t\t\t\t\t\t<img loading=\"lazy\" decoding=\"async\" width=\"800\" height=\"821\" src=\"https:\/\/dohany-zsinagoga.hu\/wp-content\/uploads\/2025\/10\/Kepernyofoto-2025-10-29-18.56.32-e1761760638708.png\" class=\"attachment-full size-full wp-image-893\" alt=\"\" \/>\t\t\t\t\t\t\t\t\t\t\t\t\t\t\t<\/div>\n\t\t\t\t<\/div>\n\t\t<div class=\"elementor-element elementor-element-6a132da e-con-full e-flex e-con e-child\" data-id=\"6a132da\" data-element_type=\"container\" data-e-type=\"container\">\n\t\t<div class=\"elementor-element elementor-element-51bec99 e-con-full e-flex e-con e-child\" data-id=\"51bec99\" data-element_type=\"container\" data-e-type=\"container\">\n\t\t<div class=\"elementor-element elementor-element-784ef43 e-con-full e-flex e-con e-child\" data-id=\"784ef43\" data-element_type=\"container\" data-e-type=\"container\">\n\t\t<div class=\"elementor-element elementor-element-c898d10 e-con-full e-flex e-con e-child\" data-id=\"c898d10\" data-element_type=\"container\" data-e-type=\"container\">\n\t\t\t\t<div class=\"elementor-element elementor-element-74dbcf2 elementor-widget elementor-widget-heading\" data-id=\"74dbcf2\" data-element_type=\"widget\" data-e-type=\"widget\" data-widget_type=\"heading.default\">\n\t\t\t\t\t<h2 class=\"elementor-heading-title elementor-size-default\">Temet\u0151<\/h2>\t\t\t\t<\/div>\n\t\t\t\t<\/div>\n\t\t<div class=\"elementor-element elementor-element-1f3231d e-con-full e-flex e-con e-child\" data-id=\"1f3231d\" data-element_type=\"container\" data-e-type=\"container\">\n\t\t\t\t<div class=\"elementor-element elementor-element-4ed3f27 elementor-widget-divider--separator-type-pattern elementor-widget-divider--view-line elementor-widget elementor-widget-divider\" data-id=\"4ed3f27\" data-element_type=\"widget\" data-e-type=\"widget\" data-widget_type=\"divider.default\">\n\t\t\t\t\t\t\t<div class=\"elementor-divider\" style=\"--divider-pattern-url: url(&quot;data:image\/svg+xml,%3Csvg xmlns=&#039;http:\/\/www.w3.org\/2000\/svg&#039; preserveAspectRatio=&#039;none&#039; overflow=&#039;visible&#039; height=&#039;100%&#039; viewBox=&#039;0 0 20 16&#039; fill=&#039;none&#039; stroke=&#039;black&#039; stroke-width=&#039;1.8&#039; stroke-linecap=&#039;square&#039; stroke-miterlimit=&#039;10&#039;%3E%3Cg transform=&#039;translate(-12.000000, 0)&#039;%3E%3Cpath d=&#039;M28,0L10,18&#039;\/%3E%3Cpath d=&#039;M18,0L0,18&#039;\/%3E%3Cpath d=&#039;M48,0L30,18&#039;\/%3E%3Cpath d=&#039;M38,0L20,18&#039;\/%3E%3C\/g%3E%3C\/svg%3E&quot;);\">\n\t\t\t<span class=\"elementor-divider-separator\">\n\t\t\t\t\t\t<\/span>\n\t\t<\/div>\n\t\t\t\t\t\t<\/div>\n\t\t\t\t<\/div>\n\t\t\t\t<\/div>\n\t\t\t\t<\/div>\n\t\t<div class=\"elementor-element elementor-element-105fb3a e-con-full e-flex e-con e-child\" data-id=\"105fb3a\" data-element_type=\"container\" data-e-type=\"container\">\n\t\t\t\t<div class=\"elementor-element elementor-element-b1e0b47 elementor-widget elementor-widget-text-editor\" data-id=\"b1e0b47\" data-element_type=\"widget\" data-e-type=\"widget\" data-widget_type=\"text-editor.default\">\n\t\t\t\t\t\t\t\t\t<p class=\"p1\">K\u00fcl\u00f6nleges jelent\u0151s\u00e9ggel b\u00edr a zsinag\u00f3ga udvar\u00e1n tal\u00e1lhat\u00f3 temet\u0151, hiszen a zsid\u00f3 hagyom\u00e1ny szerint temetkez\u00e9si helyeket nem szok\u00e1s imahelyek k\u00f6zel\u00e9ben kialak\u00edtani. A Doh\u00e1ny utcai zsinag\u00f3ga azon kevesek k\u00f6z\u00e9 tatozik, amelynek kertj\u00e9ben m\u00e9gis temet\u0151 van, ez a m\u00e1sodik vil\u00e1gh\u00e1bor\u00fa k\u00f6r\u00fclm\u00e9nyei k\u00f6zt, sz\u00fcks\u00e9gb\u0151l j\u00f6tt l\u00e9tre.<\/p><p class=\"p1\">Az 1944. november 18-\u00e1n l\u00e9trehozott budapesti gett\u00f3ban a n\u00e9lk\u00fcl\u00f6z\u00e9s, az \u00e9hez\u00e9s, a hideg \u00e9s a nyilasok gyilkoss\u00e1gai miatt rengetegen \u00e9let\u00fcket vesztett\u00e9k. A zord id\u0151j\u00e1r\u00e1s \u00e9s a h\u00e1bor\u00fas k\u00f6r\u00fclm\u00e9nyek miatt a holttesteket nem tudt\u00e1k temet\u0151be sz\u00e1ll\u00edtani, \u00edgy t\u00f6bb mint 3000 \u00e1ldozat teste maradt a zsinag\u00f3ga fal\u00e1n\u00e1l, valamint a k\u00f6rnyez\u0151 utc\u00e1kon \u00e9s tereken. \u0150ket v\u00e9g\u00fcl a zsinag\u00f3ga udvar\u00e1n, 24 k\u00f6z\u00f6s s\u00edrban temett\u00e9k el.<\/p><p class=\"p1\">A zsid\u00f3 vall\u00e1si t\u00f6rv\u00e9nyek tiltj\u00e1k a holttestek kihantol\u00e1s\u00e1t, valamint azt is, hogy temetkez\u00e9s t\u00f6rt\u00e9njen egy zsinag\u00f3g\u00e1ban vagy annak k\u00f6zvetlen k\u00f6zel\u00e9ben. A budapesti gett\u00f3 \u00e1ldozatainak t\u00f6bbs\u00e9ge ez\u00e9rt nyugodhat ma is a templom kertj\u00e9ben, a vall\u00e1s temet\u00e9si el\u0151\u00edr\u00e1sai ugyanis er\u0151sebbek voltak a megszokott gyakorlatn\u00e1l.<\/p>\t\t\t\t\t\t\t\t<\/div>\n\t\t\t\t<\/div>\n\t\t\t\t<\/div>\n\t\t\t\t<\/div>\n\t\t<div class=\"elementor-element elementor-element-5ffa6f5 e-con-full e-flex e-con e-parent\" data-id=\"5ffa6f5\" data-element_type=\"container\" data-e-type=\"container\">\n\t\t<div class=\"elementor-element elementor-element-7a2dce7 e-con-full e-flex e-con e-child\" data-id=\"7a2dce7\" data-element_type=\"container\" data-e-type=\"container\">\n\t\t\t\t<div class=\"elementor-element elementor-element-cb32729 elementor-widget elementor-widget-text-editor\" data-id=\"cb32729\" data-element_type=\"widget\" data-e-type=\"widget\" data-widget_type=\"text-editor.default\">\n\t\t\t\t\t\t\t\t\t<p class=\"p1\"><strong>Rabbik<\/strong><\/p><p>A Doh\u00e1ny utcai zsinag\u00f3g\u00e1ban funkcion\u00e1l\u00f3 rabbik:<\/p><p class=\"p1\">\u2721\ufe0f 1859\u20131866 \u00a0 \u00a0Bach J\u00f3zsef<br \/>\u2721\ufe0f 1859\u20131867 \u00a0 \u00a0Meisel Wolf Alajos<br \/>\u2721\ufe0f 1866\u20131920 \u00a0 \u00a0Dr. Kohn S\u00e1muel<br \/>\u2721\ufe0f 1870\u20131905 \u00a0 \u00a0Kayserling Mayer<br \/>\u2721\ufe0f 1905\u20131943 \u00a0 \u00a0Fischer Gyula<br \/>\u2721\ufe0f 1905\u20131943 \u00a0 \u00a0Hevesi Simon<br \/>\u2721\ufe0f 1906 \u20131927 \u00a0 \u00a0Richtmann M\u00f3r<br \/>\u2721\ufe0f 1906\u20131945 \u00a0 \u00a0Groszmann Zsigmond<br \/>\u2721\ufe0f 1930\u20131946 \u00a0 \u00a0Hevesi Ferenc<br \/>\u2721\ufe0f 1930\u20131946 \u00a0 \u00a0Herskovits F\u00e1bi\u00e1n<br \/>\u2721\ufe0f 1936\u20131959 \u00a0 \u00a0Katona J\u00f3zsef<br \/>\u2721\ufe0f 1956\u20131985 \u00a0 \u00a0Salg\u00f3 L\u00e1szl\u00f3<br \/>\u2721\ufe0f 1985\u20131990 \u00a0 \u00a0Dr. Sch\u00f6ner Alfr\u00e9d<br \/>\u2721\ufe0f 1991\u20131993 \u00a0 \u00a0 Landeszman Gy\u00f6rgy<br \/>\u2721\ufe0f 1993-t\u0151l \u00a0 \u00a0 \u00a0 \u00a0Dr. Fr\u00f6lich R\u00f3bert<\/p>\t\t\t\t\t\t\t\t<\/div>\n\t\t\t\t<\/div>\n\t\t<div class=\"elementor-element elementor-element-2f9d5bd e-con-full e-flex e-con e-child\" data-id=\"2f9d5bd\" data-element_type=\"container\" data-e-type=\"container\">\n\t\t\t\t<div class=\"elementor-element elementor-element-0e5b497 elementor-widget elementor-widget-text-editor\" data-id=\"0e5b497\" data-element_type=\"widget\" data-e-type=\"widget\" data-widget_type=\"text-editor.default\">\n\t\t\t\t\t\t\t\t\t<p class=\"p1\"><strong>F\u0151k\u00e1ntorok<\/strong><\/p><p class=\"p1\">Doh\u00e1ny utcai zsinag\u00f3g\u00e1ban funkcion\u00e1l\u00f3 f\u0151k\u00e1ntorok:<\/p><p class=\"p1\">\u2721\ufe0f 1859\u20131891 \u00a0 \u00a0Friedmann M\u00f3r<br \/>\u2721\ufe0f 1859\u20131925 \u00a0 \u00a0Lazarus Adolf<br \/>\u2721\ufe0f 1910\u20131920 \u00a0 \u00a0Z\u00e1vel (Zebulon) Kwartin<br \/>\u2721\ufe0f \u00c1brah\u00e1msohn Man\u00f3<br \/>\u2721\ufe0f Linetzky Bern\u00e1t<br \/>\u2721\ufe0f Karvaly L\u00e1szl\u00f3<br \/>\u2721\ufe0f Feleki Rezs\u0151<br \/>\u2721\ufe0f L\u00f3r\u00e1nd M\u00e1rton<br \/>\u2721\ufe0f Kov\u00e1cs S\u00e1ndor<br \/>\u2721\ufe0f Klein Ervin<br \/>\u2721\ufe0f T\u00edm\u00e1r K\u00e1roly<br \/>\u2721\ufe0f 1988-t\u00f3l Fekete L\u00e1szl\u00f3<\/p>\t\t\t\t\t\t\t\t<\/div>\n\t\t\t\t<\/div>\n\t\t\t\t<\/div>\n\t\t\t\t<\/div>\n\t\t","protected":false},"excerpt":{"rendered":"<p>A Doh\u00e1ny Zsinag\u00f3ga A Doh\u00e1ny Zsinag\u00f3ga sz\u00e1mokban: \u2022 A templom hossza: 53,1 m\u00e9ter\u2022 A templom sz\u00e9less\u00e9ge: 26,5 m\u00e9ter\u2022 Bels\u0151 t\u00e9r: 1200 n\u00e9gyzetm\u00e9ter\u2022 Bels\u0151 haj\u00f3 a Szent\u00e9ly emelv\u00e9ny\u00e9ig:\u00a0 \u00a0\u2013 37,9 m\u00e9ter hossz\u00fa,\u00a0 \u00a0\u2013 24,6 m\u00e9ter sz\u00e9les,\u00a0 \u00a0\u2013 26 m\u00e9ter belmagass\u00e1ga\u2022 A Frigyszekr\u00e9ny magass\u00e1ga: 8,2 m\u00e9ter\u2022 F\u00e9r\u0151helyek sz\u00e1ma: 1497 f\u00e9rfi \u00e9s 1472 n\u0151i \u00fcl\u00e9s\u00a0 H\u0151s\u00f6k temploma Ma [&hellip;]<\/p>\n","protected":false},"author":2,"featured_media":0,"parent":0,"menu_order":0,"comment_status":"closed","ping_status":"closed","template":"","meta":{"footnotes":""},"class_list":["post-789","page","type-page","status-publish","hentry"],"jetpack_sharing_enabled":true,"_links":{"self":[{"href":"https:\/\/dohany-zsinagoga.hu\/index.php?rest_route=\/wp\/v2\/pages\/789","targetHints":{"allow":["GET"]}}],"collection":[{"href":"https:\/\/dohany-zsinagoga.hu\/index.php?rest_route=\/wp\/v2\/pages"}],"about":[{"href":"https:\/\/dohany-zsinagoga.hu\/index.php?rest_route=\/wp\/v2\/types\/page"}],"author":[{"embeddable":true,"href":"https:\/\/dohany-zsinagoga.hu\/index.php?rest_route=\/wp\/v2\/users\/2"}],"replies":[{"embeddable":true,"href":"https:\/\/dohany-zsinagoga.hu\/index.php?rest_route=%2Fwp%2Fv2%2Fcomments&post=789"}],"version-history":[{"count":151,"href":"https:\/\/dohany-zsinagoga.hu\/index.php?rest_route=\/wp\/v2\/pages\/789\/revisions"}],"predecessor-version":[{"id":2210,"href":"https:\/\/dohany-zsinagoga.hu\/index.php?rest_route=\/wp\/v2\/pages\/789\/revisions\/2210"}],"wp:attachment":[{"href":"https:\/\/dohany-zsinagoga.hu\/index.php?rest_route=%2Fwp%2Fv2%2Fmedia&parent=789"}],"curies":[{"name":"wp","href":"https:\/\/api.w.org\/{rel}","templated":true}]}}