{"id":560,"date":"2025-10-24T18:36:56","date_gmt":"2025-10-24T18:36:56","guid":{"rendered":"https:\/\/dohany-zsinagoga.hu\/?page_id=560"},"modified":"2026-02-12T09:57:09","modified_gmt":"2026-02-12T09:57:09","slug":"tamogasson-bennunket","status":"publish","type":"page","link":"https:\/\/dohany-zsinagoga.hu\/?page_id=560","title":{"rendered":"T\u00e1mogasson benn\u00fcnket!"},"content":{"rendered":"\t\t<div data-elementor-type=\"wp-page\" data-elementor-id=\"560\" class=\"elementor elementor-560\">\n\t\t\t\t<div class=\"elementor-element elementor-element-1040696 e-con-full e-flex e-con e-parent\" data-id=\"1040696\" data-element_type=\"container\" data-e-type=\"container\">\n\t\t<div class=\"elementor-element elementor-element-c87896a e-con-full e-flex e-con e-child\" data-id=\"c87896a\" data-element_type=\"container\" data-e-type=\"container\">\n\t\t<div class=\"elementor-element elementor-element-704bf30 e-con-full e-flex e-con e-child\" data-id=\"704bf30\" data-element_type=\"container\" data-e-type=\"container\">\n\t\t<div class=\"elementor-element elementor-element-06ac661 e-con-full e-flex e-con e-child\" data-id=\"06ac661\" data-element_type=\"container\" data-e-type=\"container\">\n\t\t<div class=\"elementor-element elementor-element-66f74a7 e-con-full e-flex e-con e-child\" data-id=\"66f74a7\" data-element_type=\"container\" data-e-type=\"container\">\n\t\t<div class=\"elementor-element elementor-element-fab64bd e-con-full e-flex e-con e-child\" data-id=\"fab64bd\" data-element_type=\"container\" data-e-type=\"container\">\n\t\t<div class=\"elementor-element elementor-element-03cfdc5 e-con-full e-flex e-con e-child\" data-id=\"03cfdc5\" data-element_type=\"container\" data-e-type=\"container\">\n\t\t\t\t<div class=\"elementor-element elementor-element-05b3252 elementor-widget elementor-widget-heading\" data-id=\"05b3252\" data-element_type=\"widget\" data-e-type=\"widget\" data-widget_type=\"heading.default\">\n\t\t\t\t\t<h2 class=\"elementor-heading-title elementor-size-default\">T\u00e1mogasson benn\u00fcnket!<\/h2>\t\t\t\t<\/div>\n\t\t\t\t<\/div>\n\t\t<div class=\"elementor-element elementor-element-c534124 e-con-full e-flex e-con e-child\" data-id=\"c534124\" data-element_type=\"container\" data-e-type=\"container\">\n\t\t\t\t<div class=\"elementor-element elementor-element-0d1701b elementor-widget-divider--separator-type-pattern elementor-widget-divider--view-line elementor-widget elementor-widget-divider\" data-id=\"0d1701b\" data-element_type=\"widget\" data-e-type=\"widget\" data-widget_type=\"divider.default\">\n\t\t\t\t\t\t\t<div class=\"elementor-divider\" style=\"--divider-pattern-url: url(&quot;data:image\/svg+xml,%3Csvg xmlns=&#039;http:\/\/www.w3.org\/2000\/svg&#039; preserveAspectRatio=&#039;none&#039; overflow=&#039;visible&#039; height=&#039;100%&#039; viewBox=&#039;0 0 20 16&#039; fill=&#039;none&#039; stroke=&#039;black&#039; stroke-width=&#039;1.8&#039; stroke-linecap=&#039;square&#039; stroke-miterlimit=&#039;10&#039;%3E%3Cg transform=&#039;translate(-12.000000, 0)&#039;%3E%3Cpath d=&#039;M28,0L10,18&#039;\/%3E%3Cpath d=&#039;M18,0L0,18&#039;\/%3E%3Cpath d=&#039;M48,0L30,18&#039;\/%3E%3Cpath d=&#039;M38,0L20,18&#039;\/%3E%3C\/g%3E%3C\/svg%3E&quot;);\">\n\t\t\t<span class=\"elementor-divider-separator\">\n\t\t\t\t\t\t<\/span>\n\t\t<\/div>\n\t\t\t\t\t\t<\/div>\n\t\t\t\t<\/div>\n\t\t\t\t<\/div>\n\t\t\t\t<\/div>\n\t\t\t\t<\/div>\n\t\t<div class=\"elementor-element elementor-element-5f948a1 e-con-full e-flex e-con e-child\" data-id=\"5f948a1\" data-element_type=\"container\" data-e-type=\"container\">\n\t\t\t\t<div class=\"elementor-element elementor-element-ac82f5e elementor-widget elementor-widget-text-editor\" data-id=\"ac82f5e\" data-element_type=\"widget\" data-e-type=\"widget\" data-widget_type=\"text-editor.default\">\n\t\t\t\t\t\t\t\t\t<p class=\"p1\">A Doh\u00e1ny utcai Templomk\u00f6rzet mindent megtesz annak \u00e9rdek\u00e9ben, hogy a Budapesti Zsid\u00f3 Hitk\u00f6zs\u00e9gt\u0151l kapott m\u0171k\u00f6d\u00e9si \u00e9s egy\u00e9b, c\u00e9lzott t\u00e1mogat\u00e1ssal a k\u00f6z\u00f6ss\u00e9ghez tartoz\u00f3 hittestv\u00e9rek \u00e9s az ir\u00e1ntunk \u00e9rdekl\u0151d\u0151 zsid\u00f3 emberek hit\u00e9let\u00e9t \u00e9s k\u00f6z\u00f6ss\u00e9gi \u00f6sszetartoz\u00e1s\u00e1t el\u0151seg\u00edtse \u00e9s \u2013 a lehet\u0151s\u00e9gekhez m\u00e9rten \u2013 magas szinten tartsa. Ez azonban azt is jelenti, hogy \u00f6r\u00f6mmel fogadunk felaj\u00e1nl\u00e1sokat, t\u00e1mogat\u00e1sokat, amelyekkel b\u0151v\u00fclni, sz\u00e9p\u00fclni, meg\u00fajulni lesz\u00fcnk k\u00e9pesek.<\/p><p class=\"p1\"><strong>K\u00e9rj\u00fck, hogy amennyiben lehet\u0151s\u00e9ge van anyagilag t\u00e1mogatni a Doh\u00e1ny utcai Templomk\u00f6rzetet, az al\u00e1bbi m\u00f3don tegye meg \u2013 h\u00e1l\u00e1sak lesz\u00fcnk \u00e9rte!<\/strong><\/p>\t\t\t\t\t\t\t\t<\/div>\n\t\t\t\t<\/div>\n\t\t\t\t<\/div>\n\t\t\t\t<\/div>\n\t\t<div class=\"elementor-element elementor-element-a4d98f5 e-con-full e-flex e-con e-child\" data-id=\"a4d98f5\" data-element_type=\"container\" data-e-type=\"container\" data-settings=\"{&quot;background_background&quot;:&quot;gradient&quot;}\">\n\t\t<div class=\"elementor-element elementor-element-f07b174 e-con-full e-flex e-con e-child\" data-id=\"f07b174\" data-element_type=\"container\" data-e-type=\"container\">\n\t\t\t\t<div class=\"elementor-element elementor-element-f71285e elementor-widget elementor-widget-image\" data-id=\"f71285e\" data-element_type=\"widget\" data-e-type=\"widget\" data-widget_type=\"image.default\">\n\t\t\t\t\t\t\t\t\t\t\t\t\t\t\t<img decoding=\"async\" width=\"150\" height=\"150\" src=\"https:\/\/dohany-zsinagoga.hu\/wp-content\/uploads\/2025\/10\/Nevtelen-terv-1-150x150.png\" class=\"attachment-thumbnail size-thumbnail wp-image-567\" alt=\"\" srcset=\"https:\/\/dohany-zsinagoga.hu\/wp-content\/uploads\/2025\/10\/Nevtelen-terv-1-150x150.png 150w, https:\/\/dohany-zsinagoga.hu\/wp-content\/uploads\/2025\/10\/Nevtelen-terv-1-300x300.png 300w, https:\/\/dohany-zsinagoga.hu\/wp-content\/uploads\/2025\/10\/Nevtelen-terv-1-1024x1024.png 1024w, https:\/\/dohany-zsinagoga.hu\/wp-content\/uploads\/2025\/10\/Nevtelen-terv-1-768x768.png 768w, https:\/\/dohany-zsinagoga.hu\/wp-content\/uploads\/2025\/10\/Nevtelen-terv-1.png 1080w\" sizes=\"(max-width: 150px) 100vw, 150px\" \/>\t\t\t\t\t\t\t\t\t\t\t\t\t\t\t<\/div>\n\t\t\t\t<div class=\"elementor-element elementor-element-1ce43d2 elementor-widget elementor-widget-heading\" data-id=\"1ce43d2\" data-element_type=\"widget\" data-e-type=\"widget\" data-widget_type=\"heading.default\">\n\t\t\t\t\t<h2 class=\"elementor-heading-title elementor-size-default\">T\u00e1mogat\u00e1s elk\u00fcld\u00e9s\u00e9hez sz\u00fcks\u00e9ges\nbanki adatok<\/h2>\t\t\t\t<\/div>\n\t\t\t\t<div class=\"elementor-element elementor-element-6428819 elementor-widget elementor-widget-text-editor\" data-id=\"6428819\" data-element_type=\"widget\" data-e-type=\"widget\" data-widget_type=\"text-editor.default\">\n\t\t\t\t\t\t\t\t\t<p class=\"p1\">Az al\u00e1bbi banksz\u00e1ml\u00e1ra utalhatja t\u00e1mogat\u00e1s\u00e1t, adom\u00e1ny\u00e1t:<\/p><p class=\"p1\"><strong>Kedvezm\u00e9nyezett neve:<\/strong> BZSH DOH\u00c1NY UTCAI ZSINAG\u00d3GA<\/p><p class=\"p1\"><strong>Banksz\u00e1mla sz\u00e1ma:<\/strong> 11707024-20471437<\/p><p class=\"p1\"><strong>K\u00f6zlem\u00e9ny:<\/strong> utal\u00f3 f\u00e9l neve \u00e9s az utal\u00e1s indoka (pl. adom\u00e1ny)<\/p><p class=\"p1\"><strong>K\u00fclf\u00f6ldr\u0151l ind\u00edtott utal\u00e1shoz sz\u00fcks\u00e9ges adatok:<\/strong><\/p><p class=\"p1\"><strong>IBAN:<\/strong> HU91 1170 7024 2047 1437 0000 0000<\/p><p class=\"p1\"><strong>BIC(SWIFT)K\u00d3D:<\/strong> OTPVHUHB<\/p>\t\t\t\t\t\t\t\t<\/div>\n\t\t\t\t<\/div>\n\t\t\t\t<\/div>\n\t\t\t\t<\/div>\n\t\t\t\t<\/div>\n\t\t","protected":false},"excerpt":{"rendered":"<p>T\u00e1mogasson benn\u00fcnket! A Doh\u00e1ny utcai Templomk\u00f6rzet mindent megtesz annak \u00e9rdek\u00e9ben, hogy a Budapesti Zsid\u00f3 Hitk\u00f6zs\u00e9gt\u0151l kapott m\u0171k\u00f6d\u00e9si \u00e9s egy\u00e9b, c\u00e9lzott t\u00e1mogat\u00e1ssal a k\u00f6z\u00f6ss\u00e9ghez tartoz\u00f3 hittestv\u00e9rek \u00e9s az ir\u00e1ntunk \u00e9rdekl\u0151d\u0151 zsid\u00f3 emberek hit\u00e9let\u00e9t \u00e9s k\u00f6z\u00f6ss\u00e9gi \u00f6sszetartoz\u00e1s\u00e1t el\u0151seg\u00edtse \u00e9s \u2013 a lehet\u0151s\u00e9gekhez m\u00e9rten \u2013 magas szinten tartsa. Ez azonban azt is jelenti, hogy \u00f6r\u00f6mmel fogadunk felaj\u00e1nl\u00e1sokat, t\u00e1mogat\u00e1sokat, [&hellip;]<\/p>\n","protected":false},"author":2,"featured_media":0,"parent":0,"menu_order":0,"comment_status":"closed","ping_status":"closed","template":"","meta":{"footnotes":""},"class_list":["post-560","page","type-page","status-publish","hentry"],"jetpack_sharing_enabled":true,"_links":{"self":[{"href":"https:\/\/dohany-zsinagoga.hu\/index.php?rest_route=\/wp\/v2\/pages\/560","targetHints":{"allow":["GET"]}}],"collection":[{"href":"https:\/\/dohany-zsinagoga.hu\/index.php?rest_route=\/wp\/v2\/pages"}],"about":[{"href":"https:\/\/dohany-zsinagoga.hu\/index.php?rest_route=\/wp\/v2\/types\/page"}],"author":[{"embeddable":true,"href":"https:\/\/dohany-zsinagoga.hu\/index.php?rest_route=\/wp\/v2\/users\/2"}],"replies":[{"embeddable":true,"href":"https:\/\/dohany-zsinagoga.hu\/index.php?rest_route=%2Fwp%2Fv2%2Fcomments&post=560"}],"version-history":[{"count":40,"href":"https:\/\/dohany-zsinagoga.hu\/index.php?rest_route=\/wp\/v2\/pages\/560\/revisions"}],"predecessor-version":[{"id":2322,"href":"https:\/\/dohany-zsinagoga.hu\/index.php?rest_route=\/wp\/v2\/pages\/560\/revisions\/2322"}],"wp:attachment":[{"href":"https:\/\/dohany-zsinagoga.hu\/index.php?rest_route=%2Fwp%2Fv2%2Fmedia&parent=560"}],"curies":[{"name":"wp","href":"https:\/\/api.w.org\/{rel}","templated":true}]}}