{"id":475,"date":"2025-10-24T17:12:12","date_gmt":"2025-10-24T17:12:12","guid":{"rendered":"https:\/\/dohany-zsinagoga.hu\/?page_id=475"},"modified":"2025-11-17T13:01:32","modified_gmt":"2025-11-17T13:01:32","slug":"dohany-klub","status":"publish","type":"page","link":"https:\/\/dohany-zsinagoga.hu\/?page_id=475","title":{"rendered":"Doh\u00e1ny Klub"},"content":{"rendered":"\t\t<div data-elementor-type=\"wp-page\" data-elementor-id=\"475\" class=\"elementor elementor-475\">\n\t\t\t\t<div class=\"elementor-element elementor-element-72eb080 e-con-full e-flex e-con e-parent\" data-id=\"72eb080\" data-element_type=\"container\" data-e-type=\"container\">\n\t\t<div class=\"elementor-element elementor-element-305176b e-con-full e-flex e-con e-child\" data-id=\"305176b\" data-element_type=\"container\" data-e-type=\"container\">\n\t\t<div class=\"elementor-element elementor-element-fb4caa3 e-con-full e-flex e-con e-child\" data-id=\"fb4caa3\" data-element_type=\"container\" data-e-type=\"container\">\n\t\t\t\t<div class=\"elementor-element elementor-element-f0046dc elementor-widget elementor-widget-heading\" data-id=\"f0046dc\" data-element_type=\"widget\" data-e-type=\"widget\" data-widget_type=\"heading.default\">\n\t\t\t\t\t<h2 class=\"elementor-heading-title elementor-size-default\">Doh\u00e1ny Klub<\/h2>\t\t\t\t<\/div>\n\t\t\t\t<\/div>\n\t\t<div class=\"elementor-element elementor-element-cdf3edb e-con-full e-flex e-con e-child\" data-id=\"cdf3edb\" data-element_type=\"container\" data-e-type=\"container\">\n\t\t\t\t<div class=\"elementor-element elementor-element-0804802 elementor-widget-divider--separator-type-pattern elementor-widget-divider--view-line elementor-widget elementor-widget-divider\" data-id=\"0804802\" data-element_type=\"widget\" data-e-type=\"widget\" data-widget_type=\"divider.default\">\n\t\t\t\t\t\t\t<div class=\"elementor-divider\" style=\"--divider-pattern-url: url(&quot;data:image\/svg+xml,%3Csvg xmlns=&#039;http:\/\/www.w3.org\/2000\/svg&#039; preserveAspectRatio=&#039;none&#039; overflow=&#039;visible&#039; height=&#039;100%&#039; viewBox=&#039;0 0 20 16&#039; fill=&#039;none&#039; stroke=&#039;black&#039; stroke-width=&#039;1.8&#039; stroke-linecap=&#039;square&#039; stroke-miterlimit=&#039;10&#039;%3E%3Cg transform=&#039;translate(-12.000000, 0)&#039;%3E%3Cpath d=&#039;M28,0L10,18&#039;\/%3E%3Cpath d=&#039;M18,0L0,18&#039;\/%3E%3Cpath d=&#039;M48,0L30,18&#039;\/%3E%3Cpath d=&#039;M38,0L20,18&#039;\/%3E%3C\/g%3E%3C\/svg%3E&quot;);\">\n\t\t\t<span class=\"elementor-divider-separator\">\n\t\t\t\t\t\t<\/span>\n\t\t<\/div>\n\t\t\t\t\t\t<\/div>\n\t\t\t\t<\/div>\n\t\t\t\t<\/div>\n\t\t\t\t<\/div>\n\t\t<div class=\"elementor-element elementor-element-fc14fe5 e-con-full e-flex e-con e-parent\" data-id=\"fc14fe5\" data-element_type=\"container\" data-e-type=\"container\">\n\t\t<div class=\"elementor-element elementor-element-c60f7f8 e-con-full e-flex e-con e-child\" data-id=\"c60f7f8\" data-element_type=\"container\" data-e-type=\"container\">\n\t\t<div class=\"elementor-element elementor-element-a310178 e-con-full e-flex e-con e-child\" data-id=\"a310178\" data-element_type=\"container\" data-e-type=\"container\">\n\t\t\t\t<div class=\"elementor-element elementor-element-7ae05f7 elementor-widget elementor-widget-text-editor\" data-id=\"7ae05f7\" data-element_type=\"widget\" data-e-type=\"widget\" data-widget_type=\"text-editor.default\">\n\t\t\t\t\t\t\t\t\t<p class=\"p1\">2024 janu\u00e1rj\u00e1t\u00f3l \u2013 amennyiben adottak a felt\u00e9telek \u2013 havonta egyszer, t\u00f6bbnyire a h\u00f3nap utols\u00f3 vas\u00e1rnapj\u00e1nak d\u00e9lut\u00e1nj\u00e1n tal\u00e1lkoznak a Doh\u00e1ny utcai Templomk\u00f6rzet tagjai. Nem koncertre vagy sz\u00edniel\u0151ad\u00e1sra \u00fclnek be, hanem egy szellemes, j\u00e1t\u00e9kos, k\u00f6z\u00f6ss\u00e9gi esem\u00e9nyre: ez a Doh\u00e1ny Templomk\u00f6rzeti \u201eTeam Mit Tud?\u201d.<\/p><p class=\"p1\">Azok, akik szeretik a j\u00f3 t\u00e1rsas\u00e1got, a k\u00f6z\u00f6s j\u00e1t\u00e9kot \u00e9s a versenyt, min\u0151s\u00e9gi kikapcsol\u00f3d\u00e1sra sz\u00e1m\u00edthatnak a Goldmark-teremben vagy a D\u00edszteremben. A tematikus estek nagyon n\u00e9pszer\u0171ek, volt m\u00e1r kv\u00edz, bing\u00f3, a \u201920 -as \u00e9vek Amerik\u00e1j\u00e1t id\u00e9z\u0151 buli, szabadul\u00f3szoba, grill party \u00e9s a western vil\u00e1g\u00e1t is megid\u00e9zt\u00e9k a r\u00e9sztvev\u0151k. A k\u00f6z\u00f6s \u00e9lm\u00e9ny \u00e9s a sok nevet\u00e9s pedig mindig garant\u00e1lt.<\/p><p class=\"p1\">A h\u00e1tt\u00e9rzen\u00e9r\u0151l \u00e9s a hangulatr\u00f3l a Holl\u00e4nder Tri\u00f3 gondoskodik. Na j\u00f3, a Holl\u00e4nder Tri\u00f3 mindennek nevezhet\u0151, csak h\u00e1tt\u00e9rzen\u00e9nek nem, mint ahogy Horv\u00e1th Gy\u00f6rgy vil\u00e1gsz\u00ednvonal\u00fa git\u00e1rj\u00e1t\u00e9k\u00e1ra sem lehet nem odafigyelni. A programra j\u00f6het f\u00e9rj, feles\u00e9g, p\u00e1r, gyerek, bar\u00e1t \u2013 b\u00e1rki, akivel a tagok sz\u00edvesen megosztj\u00e1k az \u00e9lm\u00e9nyt!<\/p><p class=\"p1\"><strong>Iratkozzon fel \u00d6n is h\u00edrlevel\u00fcnkre, hogy ne maradjon le friss h\u00edreinkr\u0151l, \u00e9s els\u0151 k\u00e9zb\u0151l \u00e9rtes\u00fclj\u00f6n a k\u00f6vetkez\u0151 k\u00f6z\u00f6ss\u00e9gi programjainkr\u00f3l, \u00fcnnepeinkr\u0151l.<\/strong><\/p>\t\t\t\t\t\t\t\t<\/div>\n\t\t\t\t<div class=\"elementor-element elementor-element-1ff04f0 elementor-mobile-align-center elementor-widget elementor-widget-button\" data-id=\"1ff04f0\" data-element_type=\"widget\" data-e-type=\"widget\" data-widget_type=\"button.default\">\n\t\t\t\t\t\t\t\t\t\t<a class=\"elementor-button elementor-button-link elementor-size-sm\" href=\"https:\/\/dohany-zsinagoga.hu\/?page_id=606\">\n\t\t\t\t\t\t<span class=\"elementor-button-content-wrapper\">\n\t\t\t\t\t\t\t\t\t<span class=\"elementor-button-text\">IRATKOZZON FEL<\/span>\n\t\t\t\t\t<\/span>\n\t\t\t\t\t<\/a>\n\t\t\t\t\t\t\t\t<\/div>\n\t\t\t\t<\/div>\n\t\t\t\t<\/div>\n\t\t<div class=\"elementor-element elementor-element-4c547f9 e-con-full e-flex e-con e-child\" data-id=\"4c547f9\" data-element_type=\"container\" data-e-type=\"container\">\n\t\t\t\t<div class=\"elementor-element elementor-element-9696026 elementor-widget elementor-widget-image\" data-id=\"9696026\" data-element_type=\"widget\" data-e-type=\"widget\" data-widget_type=\"image.default\">\n\t\t\t\t\t\t\t\t\t\t\t\t\t\t\t<img fetchpriority=\"high\" decoding=\"async\" width=\"800\" height=\"600\" src=\"https:\/\/dohany-zsinagoga.hu\/wp-content\/uploads\/2025\/11\/dohany-klub-3-1024x768.jpg\" class=\"attachment-large size-large wp-image-2023\" alt=\"Doh\u00e1ny Klub\" srcset=\"https:\/\/dohany-zsinagoga.hu\/wp-content\/uploads\/2025\/11\/dohany-klub-3-1024x768.jpg 1024w, https:\/\/dohany-zsinagoga.hu\/wp-content\/uploads\/2025\/11\/dohany-klub-3-300x225.jpg 300w, https:\/\/dohany-zsinagoga.hu\/wp-content\/uploads\/2025\/11\/dohany-klub-3-768x576.jpg 768w, https:\/\/dohany-zsinagoga.hu\/wp-content\/uploads\/2025\/11\/dohany-klub-3.jpg 1133w\" sizes=\"(max-width: 800px) 100vw, 800px\" \/>\t\t\t\t\t\t\t\t\t\t\t\t\t\t\t<\/div>\n\t\t\t\t<div class=\"elementor-element elementor-element-533f56b elementor-widget elementor-widget-image\" data-id=\"533f56b\" data-element_type=\"widget\" data-e-type=\"widget\" data-widget_type=\"image.default\">\n\t\t\t\t\t\t\t\t\t\t\t\t\t\t\t<img decoding=\"async\" width=\"800\" height=\"600\" src=\"https:\/\/dohany-zsinagoga.hu\/wp-content\/uploads\/2025\/11\/dohany-klub-etel.jpg\" class=\"attachment-large size-large wp-image-2028\" alt=\"Doh\u00e1ny Klub finom falatokkal\" srcset=\"https:\/\/dohany-zsinagoga.hu\/wp-content\/uploads\/2025\/11\/dohany-klub-etel.jpg 850w, https:\/\/dohany-zsinagoga.hu\/wp-content\/uploads\/2025\/11\/dohany-klub-etel-300x225.jpg 300w, https:\/\/dohany-zsinagoga.hu\/wp-content\/uploads\/2025\/11\/dohany-klub-etel-768x576.jpg 768w\" sizes=\"(max-width: 800px) 100vw, 800px\" \/>\t\t\t\t\t\t\t\t\t\t\t\t\t\t\t<\/div>\n\t\t\t\t<div class=\"elementor-element elementor-element-46f322e elementor-widget elementor-widget-image\" data-id=\"46f322e\" data-element_type=\"widget\" data-e-type=\"widget\" data-widget_type=\"image.default\">\n\t\t\t\t\t\t\t\t\t\t\t\t\t\t\t<img decoding=\"async\" src=\"https:\/\/dohany-zsinagoga.hu\/wp-content\/uploads\/2025\/11\/Dohany-Klub-11-scaled.jpeg\" title=\"Doh\u00e1ny Klub-11\" alt=\"Doh\u00e1ny Klub \u00e9s j\u00f3kedv\" loading=\"lazy\" \/>\t\t\t\t\t\t\t\t\t\t\t\t\t\t\t<\/div>\n\t\t\t\t<\/div>\n\t\t<div class=\"elementor-element elementor-element-e014407 e-con-full e-flex e-con e-child\" data-id=\"e014407\" data-element_type=\"container\" data-e-type=\"container\">\n\t\t\t\t<div class=\"elementor-element elementor-element-5f9894d elementor-widget elementor-widget-image\" data-id=\"5f9894d\" data-element_type=\"widget\" data-e-type=\"widget\" data-widget_type=\"image.default\">\n\t\t\t\t\t\t\t\t\t\t\t\t\t\t\t<img decoding=\"async\" src=\"https:\/\/dohany-zsinagoga.hu\/wp-content\/uploads\/2025\/11\/dohany-klub-1.jpg\" title=\"dohany-klub-1\" alt=\"Doh\u00e1ny Klub\" loading=\"lazy\" \/>\t\t\t\t\t\t\t\t\t\t\t\t\t\t\t<\/div>\n\t\t\t\t<div class=\"elementor-element elementor-element-047efd3 elementor-widget elementor-widget-image\" data-id=\"047efd3\" data-element_type=\"widget\" data-e-type=\"widget\" data-widget_type=\"image.default\">\n\t\t\t\t\t\t\t\t\t\t\t\t\t\t\t<img decoding=\"async\" width=\"800\" height=\"800\" src=\"https:\/\/dohany-zsinagoga.hu\/wp-content\/uploads\/2025\/11\/dohany-klub-2-1024x1024.jpg\" class=\"attachment-large size-large wp-image-2022\" alt=\"Doh\u00e1ny Klub finom falatokkal\" srcset=\"https:\/\/dohany-zsinagoga.hu\/wp-content\/uploads\/2025\/11\/dohany-klub-2-1024x1024.jpg 1024w, https:\/\/dohany-zsinagoga.hu\/wp-content\/uploads\/2025\/11\/dohany-klub-2-300x300.jpg 300w, https:\/\/dohany-zsinagoga.hu\/wp-content\/uploads\/2025\/11\/dohany-klub-2-150x150.jpg 150w, https:\/\/dohany-zsinagoga.hu\/wp-content\/uploads\/2025\/11\/dohany-klub-2-768x768.jpg 768w, https:\/\/dohany-zsinagoga.hu\/wp-content\/uploads\/2025\/11\/dohany-klub-2-1536x1536.jpg 1536w, https:\/\/dohany-zsinagoga.hu\/wp-content\/uploads\/2025\/11\/dohany-klub-2-2048x2048.jpg 2048w\" sizes=\"(max-width: 800px) 100vw, 800px\" \/>\t\t\t\t\t\t\t\t\t\t\t\t\t\t\t<\/div>\n\t\t\t\t<\/div>\n\t\t\t\t<\/div>\n\t\t\t\t<\/div>\n\t\t","protected":false},"excerpt":{"rendered":"<p>Doh\u00e1ny Klub 2024 janu\u00e1rj\u00e1t\u00f3l \u2013 amennyiben adottak a felt\u00e9telek \u2013 havonta egyszer, t\u00f6bbnyire a h\u00f3nap utols\u00f3 vas\u00e1rnapj\u00e1nak d\u00e9lut\u00e1nj\u00e1n tal\u00e1lkoznak a Doh\u00e1ny utcai Templomk\u00f6rzet tagjai. Nem koncertre vagy sz\u00edniel\u0151ad\u00e1sra \u00fclnek be, hanem egy szellemes, j\u00e1t\u00e9kos, k\u00f6z\u00f6ss\u00e9gi esem\u00e9nyre: ez a Doh\u00e1ny Templomk\u00f6rzeti \u201eTeam Mit Tud?\u201d. Azok, akik szeretik a j\u00f3 t\u00e1rsas\u00e1got, a k\u00f6z\u00f6s j\u00e1t\u00e9kot \u00e9s a versenyt, [&hellip;]<\/p>\n","protected":false},"author":2,"featured_media":0,"parent":0,"menu_order":0,"comment_status":"closed","ping_status":"closed","template":"","meta":{"footnotes":""},"class_list":["post-475","page","type-page","status-publish","hentry"],"jetpack_sharing_enabled":true,"_links":{"self":[{"href":"https:\/\/dohany-zsinagoga.hu\/index.php?rest_route=\/wp\/v2\/pages\/475","targetHints":{"allow":["GET"]}}],"collection":[{"href":"https:\/\/dohany-zsinagoga.hu\/index.php?rest_route=\/wp\/v2\/pages"}],"about":[{"href":"https:\/\/dohany-zsinagoga.hu\/index.php?rest_route=\/wp\/v2\/types\/page"}],"author":[{"embeddable":true,"href":"https:\/\/dohany-zsinagoga.hu\/index.php?rest_route=\/wp\/v2\/users\/2"}],"replies":[{"embeddable":true,"href":"https:\/\/dohany-zsinagoga.hu\/index.php?rest_route=%2Fwp%2Fv2%2Fcomments&post=475"}],"version-history":[{"count":61,"href":"https:\/\/dohany-zsinagoga.hu\/index.php?rest_route=\/wp\/v2\/pages\/475\/revisions"}],"predecessor-version":[{"id":2050,"href":"https:\/\/dohany-zsinagoga.hu\/index.php?rest_route=\/wp\/v2\/pages\/475\/revisions\/2050"}],"wp:attachment":[{"href":"https:\/\/dohany-zsinagoga.hu\/index.php?rest_route=%2Fwp%2Fv2%2Fmedia&parent=475"}],"curies":[{"name":"wp","href":"https:\/\/api.w.org\/{rel}","templated":true}]}}