{"id":468,"date":"2025-10-24T17:09:41","date_gmt":"2025-10-24T17:09:41","guid":{"rendered":"https:\/\/dohany-zsinagoga.hu\/?page_id=468"},"modified":"2026-01-08T12:59:03","modified_gmt":"2026-01-08T12:59:03","slug":"bemutatkozas","status":"publish","type":"page","link":"https:\/\/dohany-zsinagoga.hu\/?page_id=468","title":{"rendered":"Bemutatkoz\u00e1s"},"content":{"rendered":"\t\t<div data-elementor-type=\"wp-page\" data-elementor-id=\"468\" class=\"elementor elementor-468\">\n\t\t\t\t<div class=\"elementor-element elementor-element-6230b50 e-flex e-con-boxed e-con e-parent\" data-id=\"6230b50\" data-element_type=\"container\" data-e-type=\"container\">\n\t\t\t\t\t<div class=\"e-con-inner\">\n\t\t<div class=\"elementor-element elementor-element-581ca89 e-con-full e-flex e-con e-child\" data-id=\"581ca89\" data-element_type=\"container\" data-e-type=\"container\">\n\t\t<div class=\"elementor-element elementor-element-d73c41c e-con-full e-flex e-con e-child\" data-id=\"d73c41c\" data-element_type=\"container\" data-e-type=\"container\">\n\t\t\t\t<div class=\"elementor-element elementor-element-d142b4d elementor-widget elementor-widget-heading\" data-id=\"d142b4d\" data-element_type=\"widget\" data-e-type=\"widget\" data-widget_type=\"heading.default\">\n\t\t\t\t\t<h2 class=\"elementor-heading-title elementor-size-default\">Bemutatkoz\u00e1s<\/h2>\t\t\t\t<\/div>\n\t\t\t\t<\/div>\n\t\t<div class=\"elementor-element elementor-element-b222b72 e-con-full e-flex e-con e-child\" data-id=\"b222b72\" data-element_type=\"container\" data-e-type=\"container\">\n\t\t\t\t<div class=\"elementor-element elementor-element-349bfec elementor-widget-divider--separator-type-pattern elementor-widget-divider--view-line elementor-widget elementor-widget-divider\" data-id=\"349bfec\" data-element_type=\"widget\" data-e-type=\"widget\" data-widget_type=\"divider.default\">\n\t\t\t\t\t\t\t<div class=\"elementor-divider\" style=\"--divider-pattern-url: url(&quot;data:image\/svg+xml,%3Csvg xmlns=&#039;http:\/\/www.w3.org\/2000\/svg&#039; preserveAspectRatio=&#039;none&#039; overflow=&#039;visible&#039; height=&#039;100%&#039; viewBox=&#039;0 0 20 16&#039; fill=&#039;none&#039; stroke=&#039;black&#039; stroke-width=&#039;1.8&#039; stroke-linecap=&#039;square&#039; stroke-miterlimit=&#039;10&#039;%3E%3Cg transform=&#039;translate(-12.000000, 0)&#039;%3E%3Cpath d=&#039;M28,0L10,18&#039;\/%3E%3Cpath d=&#039;M18,0L0,18&#039;\/%3E%3Cpath d=&#039;M48,0L30,18&#039;\/%3E%3Cpath d=&#039;M38,0L20,18&#039;\/%3E%3C\/g%3E%3C\/svg%3E&quot;);\">\n\t\t\t<span class=\"elementor-divider-separator\">\n\t\t\t\t\t\t<\/span>\n\t\t<\/div>\n\t\t\t\t\t\t<\/div>\n\t\t\t\t<\/div>\n\t\t\t\t<\/div>\n\t\t\t\t\t<\/div>\n\t\t\t\t<\/div>\n\t\t<div class=\"elementor-element elementor-element-dda4d56 e-con-full e-flex e-con e-parent\" data-id=\"dda4d56\" data-element_type=\"container\" data-e-type=\"container\">\n\t\t<div class=\"elementor-element elementor-element-281429e e-con-full e-flex e-con e-child\" data-id=\"281429e\" data-element_type=\"container\" data-e-type=\"container\">\n\t\t<div class=\"elementor-element elementor-element-ebc2fc0 e-con-full e-flex e-con e-child\" data-id=\"ebc2fc0\" data-element_type=\"container\" data-e-type=\"container\">\n\t\t\t\t<div class=\"elementor-element elementor-element-2b98566 elementor-widget elementor-widget-text-editor\" data-id=\"2b98566\" data-element_type=\"widget\" data-e-type=\"widget\" data-widget_type=\"text-editor.default\">\n\t\t\t\t\t\t\t\t\t<p class=\"p1\">A Doh\u00e1ny utcai Templomk\u00f6rzet sz\u0171kebb k\u00f6z\u00f6ss\u00e9g\u00e9t mintegy 90 f\u0151 alkotja: vannak k\u00f6z\u00f6tt\u00fcnk k\u00e9tkezi szakmunk\u00e1kat v\u00e9gz\u0151k \u00e9s egyetemet v\u00e9gzett \u00e9rtelmis\u00e9giek is, a 20 \u00e9vest\u0151l a 80 \u00e9vesig egyar\u00e1nt. A kile vid\u00e1m \u00e9s nevetni szeret\u0151, de az \u00e9letet komolyan vev\u0151 zsid\u00f3 emberek k\u00f6z\u00f6ss\u00e9ge. Havi rendszeress\u00e9ggel klub\u00e9letet \u00e9l\u00fcnk, azaz nem vall\u00e1si t\u00e9m\u00e1j\u00fa, csoportos \u00f6sszej\u00f6veteleken is r\u00e9szt vesz\u00fcnk.<\/p><p class=\"p1\">A Templomk\u00f6rzet vall\u00e1si vezet\u0151je Dr. Fr\u00f6lich R\u00f3bert, f\u0151rabbi, orsz\u00e1gos f\u0151rabbi, aki nemcsak a mindennapi davenokon vesz r\u00e9szt, hanem online besz\u00e9lget\u0151s esem\u00e9nyeket is szervez, \u00e9s egyben kv\u00e1zi 0-24 \u00f3r\u00e1ban a k\u00f6z\u00f6ss\u00e9g tagjainak rendelkez\u00e9s\u00e9re \u00e1ll: \u00e9rtelmez, tan\u00e1csol, javasol \u00e9s tan\u00edt, tan\u00edt, tan\u00edt.<\/p><p class=\"p1\">A vezet\u0151s\u00e9g munk\u00e1j\u00e1t egy akt\u00edvan m\u0171k\u00f6d\u0151 Titk\u00e1rs\u00e1g seg\u00edti, amely gondoskodik arr\u00f3l, hogy a mindennapi \u00fcgyek a lehet\u0151 leghat\u00e9konyabban \u00e9s leggyorsabban megold\u00f3djanak \u2013 legyen sz\u00f3 a k\u00f3sers\u00e1gi el\u0151\u00edr\u00e1sok szerinti \u00e9tkez\u00e9sekr\u0151l, az \u00fcnnepek megszervez\u00e9s\u00e9r\u0151l, a f\u0171t\u00e9sr\u0151l-h\u0171t\u00e9sr\u0151l vagy \u00e9pp a k\u00f6rzeti kommunik\u00e1ci\u00f3r\u00f3l.<\/p><p class=\"p1\">A k\u00f6rzet magj\u00e1t az el\u00f6lj\u00e1r\u00f3k \u00e9s a hetente t\u00f6bb alkalommal im\u00e1ra \u00f6sszegy\u0171l\u0151 hittestv\u00e9rek stabil b\u00e1zisa adja. \u0150k azok, akik miatt nem azt hirdetj\u00fck, hogy \u201ekell egy csapat!\u201d, hanem azt , hogy a Doh\u00e1ny utcai Templomk\u00f6rzetnek VAN csapata.<\/p>\t\t\t\t\t\t\t\t<\/div>\n\t\t\t\t<\/div>\n\t\t\t\t<\/div>\n\t\t<div class=\"elementor-element elementor-element-62cf015 e-con-full e-flex e-con e-child\" data-id=\"62cf015\" data-element_type=\"container\" data-e-type=\"container\">\n\t\t\t\t<div class=\"elementor-element elementor-element-8fc73a0 elementor-widget elementor-widget-image\" data-id=\"8fc73a0\" data-element_type=\"widget\" data-e-type=\"widget\" data-widget_type=\"image.default\">\n\t\t\t\t\t\t\t\t\t\t\t\t\t\t\t<img fetchpriority=\"high\" decoding=\"async\" width=\"799\" height=\"1024\" src=\"https:\/\/dohany-zsinagoga.hu\/wp-content\/uploads\/2025\/10\/Kepernyofoto-2025-10-25-0.04.20-799x1024.png\" class=\"attachment-large size-large wp-image-661\" alt=\"\" srcset=\"https:\/\/dohany-zsinagoga.hu\/wp-content\/uploads\/2025\/10\/Kepernyofoto-2025-10-25-0.04.20-799x1024.png 799w, https:\/\/dohany-zsinagoga.hu\/wp-content\/uploads\/2025\/10\/Kepernyofoto-2025-10-25-0.04.20-234x300.png 234w, https:\/\/dohany-zsinagoga.hu\/wp-content\/uploads\/2025\/10\/Kepernyofoto-2025-10-25-0.04.20-768x984.png 768w, https:\/\/dohany-zsinagoga.hu\/wp-content\/uploads\/2025\/10\/Kepernyofoto-2025-10-25-0.04.20.png 946w\" sizes=\"(max-width: 799px) 100vw, 799px\" \/>\t\t\t\t\t\t\t\t\t\t\t\t\t\t\t<\/div>\n\t\t\t\t<\/div>\n\t\t\t\t<\/div>\n\t\t<div class=\"elementor-element elementor-element-315fae2 e-con-full e-flex e-con e-parent\" data-id=\"315fae2\" data-element_type=\"container\" data-e-type=\"container\">\n\t\t<div class=\"elementor-element elementor-element-2413cdf e-con-full e-flex e-con e-child\" data-id=\"2413cdf\" data-element_type=\"container\" data-e-type=\"container\">\n\t\t\t\t<div class=\"elementor-element elementor-element-120e321 elementor-widget elementor-widget-text-editor\" data-id=\"120e321\" data-element_type=\"widget\" data-e-type=\"widget\" data-widget_type=\"text-editor.default\">\n\t\t\t\t\t\t\t\t\t<p><strong>A Doh\u00e1ny utcai Templomk\u00f6rzet el\u00f6lj\u00e1r\u00f3s\u00e1ga:<br \/><\/strong>\u2721\ufe0fDr. Fr\u00f6lich R\u00f3bert\u00a0<br \/>\u2721\ufe0f\u00c1cs Tam\u00e1s<br \/>\u2721\ufe0fCseresnye B\u00e9la<br \/>\u2721\ufe0fDeutsch L\u00e1szl\u00f3<br \/>\u2721\ufe0fDr. Kunos P\u00e9ter<br \/>\u2721\ufe0fDr. N\u00e9meth Tam\u00e1s<br \/>\u2721\ufe0fDr. Rusz Zolt\u00e1n<br \/>\u2721\ufe0fEndler Tam\u00e1s<br \/>\u2721\ufe0fFekete L\u00e1szl\u00f3<br \/>\u2721\ufe0fL\u00e1szl\u00f3 G\u00e1bor<br \/>\u2721\ufe0fPasztern\u00e1k Tam\u00e1s<\/p>\t\t\t\t\t\t\t\t<\/div>\n\t\t\t\t<\/div>\n\t\t<div class=\"elementor-element elementor-element-aacf205 e-con-full e-flex e-con e-child\" data-id=\"aacf205\" data-element_type=\"container\" data-e-type=\"container\">\n\t\t\t\t<div class=\"elementor-element elementor-element-380f909 elementor-widget elementor-widget-text-editor\" data-id=\"380f909\" data-element_type=\"widget\" data-e-type=\"widget\" data-widget_type=\"text-editor.default\">\n\t\t\t\t\t\t\t\t\t<p class=\"p1\"><strong>BZSH k\u00fcld\u00f6ttek:<\/strong><\/p><p class=\"p2\">\u2721\ufe0fDr. Fr\u00f6lich R\u00f3bert\u00a0<\/p><p class=\"p2\">\u2721\ufe0f\u00c1cs Tam\u00e1s<\/p><p class=\"p2\">\u2721\ufe0fDeutsch L\u00e1szl\u00f3<\/p><p class=\"p2\">\u2721\ufe0fDr. Kunos P\u00e9ter<\/p><p>\u2721\ufe0fDr. N\u00e9meth Tam\u00e1s<\/p><p class=\"p2\">\u2721\ufe0fDr. Rusz Zolt\u00e1n<\/p><p class=\"p2\">\u2721\ufe0fEndler Tam\u00e1s<\/p><p class=\"p2\">\u2721\ufe0fL\u00e1szl\u00f3 G\u00e1bor<\/p><p class=\"p2\">\u2721\ufe0fPasztern\u00e1k Tam\u00e1s<\/p><p class=\"p2\">\u2721\ufe0fSikl\u00f3si Mikl\u00f3s<\/p>\t\t\t\t\t\t\t\t<\/div>\n\t\t\t\t<\/div>\n\t\t<div class=\"elementor-element elementor-element-84674da e-con-full e-flex e-con e-child\" data-id=\"84674da\" data-element_type=\"container\" data-e-type=\"container\">\n\t\t\t\t<div class=\"elementor-element elementor-element-8accfc2 elementor-widget elementor-widget-text-editor\" data-id=\"8accfc2\" data-element_type=\"widget\" data-e-type=\"widget\" data-widget_type=\"text-editor.default\">\n\t\t\t\t\t\t\t\t\t<p class=\"p1\"><strong>MAZSIHISZ k\u00fcld\u00f6ttek:<\/strong><\/p><p class=\"p2\">\u2721\ufe0fDr. Fr\u00f6lich R\u00f3bert\u00a0<\/p><p class=\"p2\">\u2721\ufe0f\u00c1cs Tam\u00e1s<\/p><p class=\"p2\">\u2721\ufe0fDr. Kunos P\u00e9ter<\/p><p>\u2721\ufe0fDr. N\u00e9meth Tam\u00e1s<\/p><p class=\"p2\">\u2721\ufe0fL\u00e1szl\u00f3 G\u00e1bor<\/p><p class=\"p2\">\u2721\ufe0fSikl\u00f3si Mikl\u00f3s<\/p>\t\t\t\t\t\t\t\t<\/div>\n\t\t\t\t<\/div>\n\t\t\t\t<\/div>\n\t\t\t\t<\/div>\n\t\t","protected":false},"excerpt":{"rendered":"<p>Bemutatkoz\u00e1s A Doh\u00e1ny utcai Templomk\u00f6rzet sz\u0171kebb k\u00f6z\u00f6ss\u00e9g\u00e9t mintegy 90 f\u0151 alkotja: vannak k\u00f6z\u00f6tt\u00fcnk k\u00e9tkezi szakmunk\u00e1kat v\u00e9gz\u0151k \u00e9s egyetemet v\u00e9gzett \u00e9rtelmis\u00e9giek is, a 20 \u00e9vest\u0151l a 80 \u00e9vesig egyar\u00e1nt. A kile vid\u00e1m \u00e9s nevetni szeret\u0151, de az \u00e9letet komolyan vev\u0151 zsid\u00f3 emberek k\u00f6z\u00f6ss\u00e9ge. Havi rendszeress\u00e9ggel klub\u00e9letet \u00e9l\u00fcnk, azaz nem vall\u00e1si t\u00e9m\u00e1j\u00fa, csoportos \u00f6sszej\u00f6veteleken is r\u00e9szt vesz\u00fcnk. [&hellip;]<\/p>\n","protected":false},"author":2,"featured_media":0,"parent":0,"menu_order":0,"comment_status":"closed","ping_status":"closed","template":"","meta":{"footnotes":""},"class_list":["post-468","page","type-page","status-publish","hentry"],"jetpack_sharing_enabled":true,"_links":{"self":[{"href":"https:\/\/dohany-zsinagoga.hu\/index.php?rest_route=\/wp\/v2\/pages\/468","targetHints":{"allow":["GET"]}}],"collection":[{"href":"https:\/\/dohany-zsinagoga.hu\/index.php?rest_route=\/wp\/v2\/pages"}],"about":[{"href":"https:\/\/dohany-zsinagoga.hu\/index.php?rest_route=\/wp\/v2\/types\/page"}],"author":[{"embeddable":true,"href":"https:\/\/dohany-zsinagoga.hu\/index.php?rest_route=\/wp\/v2\/users\/2"}],"replies":[{"embeddable":true,"href":"https:\/\/dohany-zsinagoga.hu\/index.php?rest_route=%2Fwp%2Fv2%2Fcomments&post=468"}],"version-history":[{"count":103,"href":"https:\/\/dohany-zsinagoga.hu\/index.php?rest_route=\/wp\/v2\/pages\/468\/revisions"}],"predecessor-version":[{"id":2219,"href":"https:\/\/dohany-zsinagoga.hu\/index.php?rest_route=\/wp\/v2\/pages\/468\/revisions\/2219"}],"wp:attachment":[{"href":"https:\/\/dohany-zsinagoga.hu\/index.php?rest_route=%2Fwp%2Fv2%2Fmedia&parent=468"}],"curies":[{"name":"wp","href":"https:\/\/api.w.org\/{rel}","templated":true}]}}