{"id":2271,"date":"2026-02-09T16:04:10","date_gmt":"2026-02-09T16:04:10","guid":{"rendered":"https:\/\/dohany-zsinagoga.hu\/?page_id=2271"},"modified":"2026-02-11T16:37:22","modified_gmt":"2026-02-11T16:37:22","slug":"for-our-guests","status":"publish","type":"page","link":"https:\/\/dohany-zsinagoga.hu\/?page_id=2271","title":{"rendered":"For our guests"},"content":{"rendered":"\t\t<div data-elementor-type=\"wp-page\" data-elementor-id=\"2271\" class=\"elementor elementor-2271\">\n\t\t\t\t<div class=\"elementor-element elementor-element-b9487c6 e-flex e-con-boxed e-con e-parent\" data-id=\"b9487c6\" data-element_type=\"container\" data-e-type=\"container\">\n\t\t\t\t\t<div class=\"e-con-inner\">\n\t\t\t\t<div class=\"elementor-element elementor-element-e086097 elementor-widget elementor-widget-text-editor\" data-id=\"e086097\" data-element_type=\"widget\" data-e-type=\"widget\" data-widget_type=\"text-editor.default\">\n\t\t\t\t\t\t\t\t\t<div dir=\"auto\" data-removefontsize=\"true\" data-originalcomputedfontsize=\"16\">The services start as follows:<\/div><div dir=\"auto\" data-removefontsize=\"true\" data-originalcomputedfontsize=\"16\">Every morning at 7:30am in the Talmud Torah (Beit HaMidrash)<\/div><div dir=\"auto\" data-removefontsize=\"true\" data-originalcomputedfontsize=\"16\">at 7 Wessel\u00e9nyi street\u00a0<\/div><div dir=\"auto\" data-removefontsize=\"true\" data-originalcomputedfontsize=\"16\">Every evening at 6:00pm in the Talmud Torah (Beit HaMidrash)<\/div><div dir=\"auto\" data-removefontsize=\"true\" data-originalcomputedfontsize=\"16\">at <a href=\"https:\/\/www.google.com\/maps\/search\/7+Wessel%C3%A9nyi+street?entry=gmail&amp;source=g\" data-saferedirecturl=\"https:\/\/www.google.com\/url?q=https:\/\/www.google.com\/maps\/search\/7%2BWessel%25C3%25A9nyi%2Bstreet?entry%3Dgmail%26source%3Dg&amp;source=gmail&amp;ust=1770912563489000&amp;usg=AOvVaw27ATklPocIx4dIl-5Nyk-K\" data-removefontsize=\"true\" data-originalcomputedfontsize=\"16\">7 Wessel\u00e9nyi street<\/a><\/div><div dir=\"auto\" data-removefontsize=\"true\" data-originalcomputedfontsize=\"16\">Friday evening at 6:00pm in the Doh\u00e1ny Street Synagogue<\/div><div dir=\"auto\" data-removefontsize=\"true\" data-originalcomputedfontsize=\"16\">Saturday morning at 9:30am in the Doh\u00e1ny Street Synagogue<\/div><div dir=\"auto\" data-removefontsize=\"true\" data-originalcomputedfontsize=\"16\">Saturday evening at 6:00pm in the Talmud Torah (Beit HaMidrash)<\/div><div dir=\"auto\" data-removefontsize=\"true\" data-originalcomputedfontsize=\"16\">at <a href=\"https:\/\/www.google.com\/maps\/search\/7+Wessel%C3%A9nyi+street?entry=gmail&amp;source=g\" data-saferedirecturl=\"https:\/\/www.google.com\/url?q=https:\/\/www.google.com\/maps\/search\/7%2BWessel%25C3%25A9nyi%2Bstreet?entry%3Dgmail%26source%3Dg&amp;source=gmail&amp;ust=1770912563489000&amp;usg=AOvVaw27ATklPocIx4dIl-5Nyk-K\" data-removefontsize=\"true\" data-originalcomputedfontsize=\"16\">7 Wessel\u00e9nyi street<\/a><\/div><div dir=\"auto\">\u00a0<\/div><div dir=\"auto\" data-removefontsize=\"true\" data-originalcomputedfontsize=\"16\">If you would like to attend the services, do not hesitate to send us a list consisting the names of the ones who are willing to join. At the entrance there is a mandatory security check-in, where you will be asked to show your ID or passport.<\/div><div dir=\"auto\">\u00a0<\/div><div dir=\"auto\" data-removefontsize=\"true\" data-originalcomputedfontsize=\"16\">Due to the religious nature of the locations, we kindly ask you to dress according to the Jewish customs and the sacredness of the buildings i.e. knees and shoulders MUST be covered, women\u2019s neck-line MUST NOT be deep, and men MUST have their head covered. Please, keep it in mind that our synagogue is a neologue one meaning men and women sit SEPARATELY. During Shabbat services it is NOT allowed to take pictures or to shoot videos. Also, women are NOT allowed to recite Kaddish and wear Kippah, as well as Tallit.<\/div><div dir=\"auto\">\u00a0<\/div><div dir=\"auto\" data-removefontsize=\"true\" data-originalcomputedfontsize=\"16\">Feel free to join us for Shabbat dinner and\/or lunch as well (called Kiddush), however, please bear in mind that a registration and paid contribution in advance is highly recommended. The price for the kiddush is HUF 10,000 per person. You can transfer your contribution in advance to the Community\u2019s bank account:<\/div><div dir=\"auto\">\u00a0<\/div><div dir=\"auto\" data-removefontsize=\"true\" data-originalcomputedfontsize=\"16\">BZSH-Dohany Korzet 11707024-20471437<\/div><div dir=\"auto\" data-removefontsize=\"true\" data-originalcomputedfontsize=\"16\">IBAN: HU91 1170 7024 2047 1437 0000 0000<\/div><div dir=\"auto\" data-removefontsize=\"true\" data-originalcomputedfontsize=\"16\">BIC (SWIFT) CODE: OTPVHUHB\u00a0<\/div><div dir=\"auto\">Your registration email is: <a href=\"mailto:regisztracio@bzsh.hu\">regisztracio@bzsh.hu<\/a>.<\/div><div dir=\"auto\" data-removefontsize=\"true\" data-originalcomputedfontsize=\"16\">Thank you for your kind interest, we hope to see you at the Synagogue.<\/div>\t\t\t\t\t\t\t\t<\/div>\n\t\t\t\t\t<\/div>\n\t\t\t\t<\/div>\n\t\t<div class=\"elementor-element elementor-element-2eaedfb e-flex e-con-boxed e-con e-parent\" data-id=\"2eaedfb\" data-element_type=\"container\" data-e-type=\"container\">\n\t\t\t\t\t<div class=\"e-con-inner\">\n\t\t\t\t<div class=\"elementor-element elementor-element-76955ec elementor-widget elementor-widget-image\" data-id=\"76955ec\" data-element_type=\"widget\" data-e-type=\"widget\" data-widget_type=\"image.default\">\n\t\t\t\t\t\t\t\t\t\t\t\t\t\t\t<img fetchpriority=\"high\" decoding=\"async\" width=\"800\" height=\"593\" src=\"https:\/\/dohany-zsinagoga.hu\/wp-content\/uploads\/2026\/02\/IMG_5106.png\" class=\"attachment-large size-large wp-image-2296\" alt=\"\" srcset=\"https:\/\/dohany-zsinagoga.hu\/wp-content\/uploads\/2026\/02\/IMG_5106.png 937w, https:\/\/dohany-zsinagoga.hu\/wp-content\/uploads\/2026\/02\/IMG_5106-300x222.png 300w, https:\/\/dohany-zsinagoga.hu\/wp-content\/uploads\/2026\/02\/IMG_5106-768x569.png 768w\" sizes=\"(max-width: 800px) 100vw, 800px\" \/>\t\t\t\t\t\t\t\t\t\t\t\t\t\t\t<\/div>\n\t\t\t\t\t<\/div>\n\t\t\t\t<\/div>\n\t\t\t\t<\/div>\n\t\t","protected":false},"excerpt":{"rendered":"<p>The services start as follows:Every morning at 7:30am in the Talmud Torah (Beit HaMidrash)at 7 Wessel\u00e9nyi street\u00a0Every evening at 6:00pm in the Talmud Torah (Beit HaMidrash)at 7 Wessel\u00e9nyi streetFriday evening at 6:00pm in the Doh\u00e1ny Street SynagogueSaturday morning at 9:30am in the Doh\u00e1ny Street SynagogueSaturday evening at 6:00pm in the Talmud Torah (Beit HaMidrash)at 7 [&hellip;]<\/p>\n","protected":false},"author":4,"featured_media":0,"parent":0,"menu_order":0,"comment_status":"closed","ping_status":"closed","template":"","meta":{"footnotes":""},"class_list":["post-2271","page","type-page","status-publish","hentry"],"jetpack_sharing_enabled":true,"_links":{"self":[{"href":"https:\/\/dohany-zsinagoga.hu\/index.php?rest_route=\/wp\/v2\/pages\/2271","targetHints":{"allow":["GET"]}}],"collection":[{"href":"https:\/\/dohany-zsinagoga.hu\/index.php?rest_route=\/wp\/v2\/pages"}],"about":[{"href":"https:\/\/dohany-zsinagoga.hu\/index.php?rest_route=\/wp\/v2\/types\/page"}],"author":[{"embeddable":true,"href":"https:\/\/dohany-zsinagoga.hu\/index.php?rest_route=\/wp\/v2\/users\/4"}],"replies":[{"embeddable":true,"href":"https:\/\/dohany-zsinagoga.hu\/index.php?rest_route=%2Fwp%2Fv2%2Fcomments&post=2271"}],"version-history":[{"count":19,"href":"https:\/\/dohany-zsinagoga.hu\/index.php?rest_route=\/wp\/v2\/pages\/2271\/revisions"}],"predecessor-version":[{"id":2299,"href":"https:\/\/dohany-zsinagoga.hu\/index.php?rest_route=\/wp\/v2\/pages\/2271\/revisions\/2299"}],"wp:attachment":[{"href":"https:\/\/dohany-zsinagoga.hu\/index.php?rest_route=%2Fwp%2Fv2%2Fmedia&parent=2271"}],"curies":[{"name":"wp","href":"https:\/\/api.w.org\/{rel}","templated":true}]}}