{"id":1653,"date":"2025-11-02T11:10:14","date_gmt":"2025-11-02T11:10:14","guid":{"rendered":"https:\/\/dohany-zsinagoga.hu\/?page_id=1653"},"modified":"2026-05-15T05:43:18","modified_gmt":"2026-05-15T07:43:18","slug":"heti-sabesz","status":"publish","type":"page","link":"https:\/\/dohany-zsinagoga.hu\/?page_id=1653","title":{"rendered":"Heti s\u00e1besz"},"content":{"rendered":"\t\t<div data-elementor-type=\"wp-page\" data-elementor-id=\"1653\" class=\"elementor elementor-1653\">\n\t\t\t\t<div class=\"elementor-element elementor-element-39f6e3a e-con-full e-flex e-con e-parent\" data-id=\"39f6e3a\" data-element_type=\"container\" data-e-type=\"container\">\n\t\t<div class=\"elementor-element elementor-element-42d9637 e-flex e-con-boxed e-con e-child\" data-id=\"42d9637\" data-element_type=\"container\" data-e-type=\"container\">\n\t\t\t\t\t<div class=\"e-con-inner\">\n\t\t<div class=\"elementor-element elementor-element-52ca1ca e-con-full e-flex e-con e-child\" data-id=\"52ca1ca\" data-element_type=\"container\" data-e-type=\"container\">\n\t\t<div class=\"elementor-element elementor-element-5389e2a e-con-full e-flex e-con e-child\" data-id=\"5389e2a\" data-element_type=\"container\" data-e-type=\"container\">\n\t\t\t\t<div class=\"elementor-element elementor-element-7019d1d elementor-widget elementor-widget-heading\" data-id=\"7019d1d\" data-element_type=\"widget\" data-e-type=\"widget\" data-widget_type=\"heading.default\">\n\t\t\t\t\t<h2 class=\"elementor-heading-title elementor-size-default\">A bek\u00f6sz\u00f6nt\u0151 s\u00e1besz<\/h2>\t\t\t\t<\/div>\n\t\t\t\t<\/div>\n\t\t<div class=\"elementor-element elementor-element-d0b1261 e-con-full e-flex e-con e-child\" data-id=\"d0b1261\" data-element_type=\"container\" data-e-type=\"container\">\n\t\t\t\t<div class=\"elementor-element elementor-element-6cb6275 elementor-widget-divider--separator-type-pattern elementor-widget-divider--view-line elementor-widget elementor-widget-divider\" data-id=\"6cb6275\" data-element_type=\"widget\" data-e-type=\"widget\" data-widget_type=\"divider.default\">\n\t\t\t\t\t\t\t<div class=\"elementor-divider\" style=\"--divider-pattern-url: url(&quot;data:image\/svg+xml,%3Csvg xmlns=&#039;http:\/\/www.w3.org\/2000\/svg&#039; preserveAspectRatio=&#039;none&#039; overflow=&#039;visible&#039; height=&#039;100%&#039; viewBox=&#039;0 0 20 16&#039; fill=&#039;none&#039; stroke=&#039;black&#039; stroke-width=&#039;1.8&#039; stroke-linecap=&#039;square&#039; stroke-miterlimit=&#039;10&#039;%3E%3Cg transform=&#039;translate(-12.000000, 0)&#039;%3E%3Cpath d=&#039;M28,0L10,18&#039;\/%3E%3Cpath d=&#039;M18,0L0,18&#039;\/%3E%3Cpath d=&#039;M48,0L30,18&#039;\/%3E%3Cpath d=&#039;M38,0L20,18&#039;\/%3E%3C\/g%3E%3C\/svg%3E&quot;);\">\n\t\t\t<span class=\"elementor-divider-separator\">\n\t\t\t\t\t\t<\/span>\n\t\t<\/div>\n\t\t\t\t\t\t<\/div>\n\t\t\t\t<\/div>\n\t\t\t\t<\/div>\n\t\t\t\t\t<\/div>\n\t\t\t\t<\/div>\n\t\t\t\t<\/div>\n\t\t<div class=\"elementor-element elementor-element-5540220 e-con-full e-flex e-con e-parent\" data-id=\"5540220\" data-element_type=\"container\" data-e-type=\"container\">\n\t\t<div class=\"elementor-element elementor-element-992cdf8 e-con-full e-flex e-con e-child\" data-id=\"992cdf8\" data-element_type=\"container\" data-e-type=\"container\">\n\t\t\t\t<div class=\"elementor-element elementor-element-6f4e9a2 elementor-widget elementor-widget-image\" data-id=\"6f4e9a2\" data-element_type=\"widget\" data-e-type=\"widget\" data-widget_type=\"image.default\">\n\t\t\t\t\t\t\t\t\t\t\t\t\t\t\t<img fetchpriority=\"high\" decoding=\"async\" width=\"1280\" height=\"853\" src=\"https:\/\/dohany-zsinagoga.hu\/wp-content\/uploads\/2025\/11\/Heti-sabesz-Dohany-utcai-Templomkorzet.jpg\" class=\"attachment-full size-full wp-image-2012\" alt=\"Heti s\u00e1besz \u00e9s a Doh\u00e1ny utcai Templomk\u00f6rzet\" srcset=\"https:\/\/dohany-zsinagoga.hu\/wp-content\/uploads\/2025\/11\/Heti-sabesz-Dohany-utcai-Templomkorzet.jpg 1280w, https:\/\/dohany-zsinagoga.hu\/wp-content\/uploads\/2025\/11\/Heti-sabesz-Dohany-utcai-Templomkorzet-300x200.jpg 300w, https:\/\/dohany-zsinagoga.hu\/wp-content\/uploads\/2025\/11\/Heti-sabesz-Dohany-utcai-Templomkorzet-1024x682.jpg 1024w, https:\/\/dohany-zsinagoga.hu\/wp-content\/uploads\/2025\/11\/Heti-sabesz-Dohany-utcai-Templomkorzet-768x512.jpg 768w\" sizes=\"(max-width: 1280px) 100vw, 1280px\" \/>\t\t\t\t\t\t\t\t\t\t\t\t\t\t\t<\/div>\n\t\t\t\t<\/div>\n\t\t<div class=\"elementor-element elementor-element-15df5de e-con-full e-flex e-con e-child\" data-id=\"15df5de\" data-element_type=\"container\" data-e-type=\"container\">\n\t\t<div class=\"elementor-element elementor-element-76fc3dd e-con-full e-flex e-con e-child\" data-id=\"76fc3dd\" data-element_type=\"container\" data-e-type=\"container\">\n\t\t\t\t<div class=\"elementor-element elementor-element-35ef95c elementor-widget elementor-widget-text-editor\" data-id=\"35ef95c\" data-element_type=\"widget\" data-e-type=\"widget\" data-widget_type=\"text-editor.default\">\n\t\t\t\t\t\t\t\t\t<p style=\"text-align: center;\"><strong>Szombat bej\u00f6vetele:<\/strong> 19:56<br \/><strong>Szombat kimenetele:<\/strong> 21:11<\/p><p style=\"text-align: center;\"><strong><a href=\"https:\/\/dohany-zsinagoga.hu\/?page_id=1545\">Hetiszakasz<\/a>: B\u00e1midbor &#8211; \u05d1\u05de\u05d3\u05d1\u05e8<\/strong><\/p><div>A szombati gyerty\u00e1k meggy\u00fajt\u00e1sakor, m\u00e9g szombat bej\u00f6vetele el\u0151tt, de legk\u00e9s\u0151bb a fent megjel\u00f6lt id\u0151pontban\u00a0a h\u00e1z asszonya fellobbantja a l\u00e1ngokat. Kez\u00e9vel a gyerty\u00e1k f\u00f6l\u00f6tt h\u00e1rom, saj\u00e1t maga fel\u00e9 ir\u00e1nyul\u00f3 k\u00f6rk\u00f6r\u00f6s mozdulatot tesz, majd eltakarja szem\u00e9t, \u00e9s elmondja a k\u00f6vetkez\u0151 \u00e1ld\u00e1st:<\/div><p style=\"text-align: right;\">\u05d1\u05b8\u05bc\u05e8\u05d5\u05bc\u05da\u05b0 \u05d0\u05b7\u05ea\u05b8\u05bc\u05d4 \u05d4\u2019 \u05d0\u05b1\u05dc\u05b9\u05d4\u05b5\u05d9\u05e0\u05d5\u05bc \u05de\u05b6\u05dc\u05b6\u05da\u05b0 \u05d4\u05b8\u05e2\u05d5\u05b9\u05dc\u05b8\u05dd, \u05d0\u05b2\u05e9\u05b6\u05c1\u05e8 \u05e7\u05b4\u05d3\u05b0\u05bc\u05e9\u05b8\u05c1\u05e0\u05d5\u05bc \u05d1\u05b0\u05bc\u05de\u05b4\u05e6\u05b0\u05d5\u05b9\u05ea\u05b8\u05d9\u05d5 \u05d5\u05b0\u05e6\u05b4\u05d5\u05b8\u05bc\u05e0\u05d5\u05bc \u05dc\u05b0\u05d4\u05b7\u05d3\u05b0\u05dc\u05b4\u05d9\u05e7 \u05e0\u05b5\u05e8 \u05e9\u05b6\u05c1\u05dc \u05e9\u05b7\u05c1\u05d1\u05b8\u05bc\u05ea\u00a0.<\/p><p>B\u00f3ruch \u00e1t\u00f3 \u00c1dajnaj, Elajh\u00e9nu Melech Hoajlom, \u00e1ser kids\u00f3nu b\u00f6\u00admic\u00advajszov v\u00f6civonu l\u00f6h\u00e1dlik n\u00e9r sel s\u00e1bosz.<\/p><div>Ezut\u00e1n elveszi kez\u00e9t a szeme el\u0151l.<br \/>Amennyiben a h\u00e1zn\u00e1l nincs asszony, vagy a f\u00e9rj k\u00fcl\u00f6n t\u00f6lti a s\u00e1beszt, \u00fagy a f\u00e9rfinek (is) el kell v\u00e9geznie a gyertyagy\u00fajt\u00e1s szertart\u00e1s\u00e1t.<\/div><p>Az I.tentiszteletek rendj\u00e9t <a href=\"https:\/\/dohany-zsinagoga.hu\/?page_id=928\">itt<\/a> tal\u00e1lja.\u00a0<\/p>\t\t\t\t\t\t\t\t<\/div>\n\t\t\t\t<\/div>\n\t\t\t\t<\/div>\n\t\t\t\t<\/div>\n\t\t\t\t<\/div>\n\t\t","protected":false},"excerpt":{"rendered":"<p>A bek\u00f6sz\u00f6nt\u0151 s\u00e1besz Szombat bej\u00f6vetele: 19:56Szombat kimenetele: 21:11 Hetiszakasz: B\u00e1midbor &#8211; \u05d1\u05de\u05d3\u05d1\u05e8 A szombati gyerty\u00e1k meggy\u00fajt\u00e1sakor, m\u00e9g szombat bej\u00f6vetele el\u0151tt, de legk\u00e9s\u0151bb a fent megjel\u00f6lt id\u0151pontban\u00a0a h\u00e1z asszonya fellobbantja a l\u00e1ngokat. Kez\u00e9vel a gyerty\u00e1k f\u00f6l\u00f6tt h\u00e1rom, saj\u00e1t maga fel\u00e9 ir\u00e1nyul\u00f3 k\u00f6rk\u00f6r\u00f6s mozdulatot tesz, majd eltakarja szem\u00e9t, \u00e9s elmondja a k\u00f6vetkez\u0151 \u00e1ld\u00e1st: \u05d1\u05b8\u05bc\u05e8\u05d5\u05bc\u05da\u05b0 \u05d0\u05b7\u05ea\u05b8\u05bc\u05d4 \u05d4\u2019 \u05d0\u05b1\u05dc\u05b9\u05d4\u05b5\u05d9\u05e0\u05d5\u05bc [&hellip;]<\/p>\n","protected":false},"author":2,"featured_media":0,"parent":0,"menu_order":0,"comment_status":"closed","ping_status":"closed","template":"","meta":{"footnotes":""},"class_list":["post-1653","page","type-page","status-publish","hentry"],"jetpack_sharing_enabled":true,"_links":{"self":[{"href":"https:\/\/dohany-zsinagoga.hu\/index.php?rest_route=\/wp\/v2\/pages\/1653","targetHints":{"allow":["GET"]}}],"collection":[{"href":"https:\/\/dohany-zsinagoga.hu\/index.php?rest_route=\/wp\/v2\/pages"}],"about":[{"href":"https:\/\/dohany-zsinagoga.hu\/index.php?rest_route=\/wp\/v2\/types\/page"}],"author":[{"embeddable":true,"href":"https:\/\/dohany-zsinagoga.hu\/index.php?rest_route=\/wp\/v2\/users\/2"}],"replies":[{"embeddable":true,"href":"https:\/\/dohany-zsinagoga.hu\/index.php?rest_route=%2Fwp%2Fv2%2Fcomments&post=1653"}],"version-history":[{"count":92,"href":"https:\/\/dohany-zsinagoga.hu\/index.php?rest_route=\/wp\/v2\/pages\/1653\/revisions"}],"predecessor-version":[{"id":2493,"href":"https:\/\/dohany-zsinagoga.hu\/index.php?rest_route=\/wp\/v2\/pages\/1653\/revisions\/2493"}],"wp:attachment":[{"href":"https:\/\/dohany-zsinagoga.hu\/index.php?rest_route=%2Fwp%2Fv2%2Fmedia&parent=1653"}],"curies":[{"name":"wp","href":"https:\/\/api.w.org\/{rel}","templated":true}]}}