{"id":1594,"date":"2025-11-02T10:45:14","date_gmt":"2025-11-02T10:45:14","guid":{"rendered":"https:\/\/dohany-zsinagoga.hu\/?page_id=1594"},"modified":"2026-02-27T08:32:47","modified_gmt":"2026-02-27T08:32:47","slug":"programajanlo","status":"publish","type":"page","link":"https:\/\/dohany-zsinagoga.hu\/?page_id=1594","title":{"rendered":"Programaj\u00e1nl\u00f3"},"content":{"rendered":"\t\t<div data-elementor-type=\"wp-page\" data-elementor-id=\"1594\" class=\"elementor elementor-1594\">\n\t\t\t\t<div class=\"elementor-element elementor-element-d06b622 e-con-full e-flex e-con e-parent\" data-id=\"d06b622\" data-element_type=\"container\" data-e-type=\"container\">\n\t\t<div class=\"elementor-element elementor-element-d7b0c74 e-con-full e-flex e-con e-child\" data-id=\"d7b0c74\" data-element_type=\"container\" data-e-type=\"container\">\n\t\t<div class=\"elementor-element elementor-element-ef3953e e-con-full e-flex e-con e-child\" data-id=\"ef3953e\" data-element_type=\"container\" data-e-type=\"container\">\n\t\t<div class=\"elementor-element elementor-element-93a97a0 e-con-full e-flex e-con e-child\" data-id=\"93a97a0\" data-element_type=\"container\" data-e-type=\"container\">\n\t\t<div class=\"elementor-element elementor-element-d6cdc00 e-con-full e-flex e-con e-child\" data-id=\"d6cdc00\" data-element_type=\"container\" data-e-type=\"container\">\n\t\t\t\t<div class=\"elementor-element elementor-element-41326f5 elementor-widget elementor-widget-heading\" data-id=\"41326f5\" data-element_type=\"widget\" data-e-type=\"widget\" data-widget_type=\"heading.default\">\n\t\t\t\t\t<h2 class=\"elementor-heading-title elementor-size-default\">Doh\u00e1ny Klub id\u0151pontjai:<\/h2>\t\t\t\t<\/div>\n\t\t\t\t<\/div>\n\t\t\t\t<\/div>\n\t\t\t\t<\/div>\n\t\t<div class=\"elementor-element elementor-element-79c1f93 e-con-full e-flex e-con e-child\" data-id=\"79c1f93\" data-element_type=\"container\" data-e-type=\"container\">\n\t\t\t\t<div class=\"elementor-element elementor-element-89a7085 elementor-widget elementor-widget-image\" data-id=\"89a7085\" data-element_type=\"widget\" data-e-type=\"widget\" data-widget_type=\"image.default\">\n\t\t\t\t\t\t\t\t\t\t\t\t\t\t\t<img fetchpriority=\"high\" decoding=\"async\" width=\"1080\" height=\"1350\" src=\"https:\/\/dohany-zsinagoga.hu\/wp-content\/uploads\/2026\/01\/IMG_5091.jpeg\" class=\"attachment-full size-full wp-image-2225\" alt=\"\" srcset=\"https:\/\/dohany-zsinagoga.hu\/wp-content\/uploads\/2026\/01\/IMG_5091.jpeg 1080w, https:\/\/dohany-zsinagoga.hu\/wp-content\/uploads\/2026\/01\/IMG_5091-240x300.jpeg 240w, https:\/\/dohany-zsinagoga.hu\/wp-content\/uploads\/2026\/01\/IMG_5091-819x1024.jpeg 819w, https:\/\/dohany-zsinagoga.hu\/wp-content\/uploads\/2026\/01\/IMG_5091-768x960.jpeg 768w\" sizes=\"(max-width: 1080px) 100vw, 1080px\" \/>\t\t\t\t\t\t\t\t\t\t\t\t\t\t\t<\/div>\n\t\t\t\t<\/div>\n\t\t\t\t<\/div>\n\t\t<div class=\"elementor-element elementor-element-00d7ff0 e-con-full e-flex e-con e-child\" data-id=\"00d7ff0\" data-element_type=\"container\" data-e-type=\"container\">\n\t\t<div class=\"elementor-element elementor-element-73b0d0f e-con-full e-flex e-con e-child\" data-id=\"73b0d0f\" data-element_type=\"container\" data-e-type=\"container\">\n\t\t<div class=\"elementor-element elementor-element-eddf516 e-con-full e-flex e-con e-child\" data-id=\"eddf516\" data-element_type=\"container\" data-e-type=\"container\">\n\t\t<div class=\"elementor-element elementor-element-6cbfe2b e-con-full e-flex e-con e-child\" data-id=\"6cbfe2b\" data-element_type=\"container\" data-e-type=\"container\">\n\t\t\t\t<div class=\"elementor-element elementor-element-49965f1 elementor-widget elementor-widget-heading\" data-id=\"49965f1\" data-element_type=\"widget\" data-e-type=\"widget\" data-widget_type=\"heading.default\">\n\t\t\t\t\t<h2 class=\"elementor-heading-title elementor-size-default\">Doh\u00e1ny Caf\u00e9 id\u0151pontjai:<\/h2>\t\t\t\t<\/div>\n\t\t\t\t<\/div>\n\t\t\t\t<\/div>\n\t\t\t\t<\/div>\n\t\t<div class=\"elementor-element elementor-element-4915f39 e-con-full e-flex e-con e-child\" data-id=\"4915f39\" data-element_type=\"container\" data-e-type=\"container\">\n\t\t\t\t<div class=\"elementor-element elementor-element-559bfb3 elementor-widget elementor-widget-image\" data-id=\"559bfb3\" data-element_type=\"widget\" data-e-type=\"widget\" data-widget_type=\"image.default\">\n\t\t\t\t\t\t\t\t\t\t\t\t\t\t\t<img fetchpriority=\"high\" decoding=\"async\" width=\"1080\" height=\"1350\" src=\"https:\/\/dohany-zsinagoga.hu\/wp-content\/uploads\/2026\/01\/IMG_5091.jpeg\" class=\"attachment-full size-full wp-image-2225\" alt=\"\" srcset=\"https:\/\/dohany-zsinagoga.hu\/wp-content\/uploads\/2026\/01\/IMG_5091.jpeg 1080w, https:\/\/dohany-zsinagoga.hu\/wp-content\/uploads\/2026\/01\/IMG_5091-240x300.jpeg 240w, https:\/\/dohany-zsinagoga.hu\/wp-content\/uploads\/2026\/01\/IMG_5091-819x1024.jpeg 819w, https:\/\/dohany-zsinagoga.hu\/wp-content\/uploads\/2026\/01\/IMG_5091-768x960.jpeg 768w\" sizes=\"(max-width: 1080px) 100vw, 1080px\" \/>\t\t\t\t\t\t\t\t\t\t\t\t\t\t\t<\/div>\n\t\t\t\t<\/div>\n\t\t\t\t<\/div>\n\t\t\t\t<\/div>\n\t\t<div class=\"elementor-element elementor-element-e75a6c5 e-con-full e-flex e-con e-parent\" data-id=\"e75a6c5\" data-element_type=\"container\" data-e-type=\"container\">\n\t\t<div class=\"elementor-element elementor-element-abbc256 e-con-full e-flex e-con e-child\" data-id=\"abbc256\" data-element_type=\"container\" data-e-type=\"container\">\n\t\t<div class=\"elementor-element elementor-element-0ff0c00 e-con-full e-flex e-con e-child\" data-id=\"0ff0c00\" data-element_type=\"container\" data-e-type=\"container\">\n\t\t\t\t<div class=\"elementor-element elementor-element-7f40e55 elementor-widget elementor-widget-text-editor\" data-id=\"7f40e55\" data-element_type=\"widget\" data-e-type=\"widget\" data-widget_type=\"text-editor.default\">\n\t\t\t\t\t\t\t\t\t<p>Iratkozzon fel \u00d6n is h\u00edrlevel\u00fcnkre, hogy ne maradjon le friss h\u00edreinkr\u0151l, \u00e9s els\u0151 k\u00e9zb\u0151l \u00e9rtes\u00fclj\u00f6n a k\u00f6vetkez\u0151 k\u00f6z\u00f6ss\u00e9gi programjainkr\u00f3l, \u00fcnnepeinkr\u0151l.<\/p>\t\t\t\t\t\t\t\t<\/div>\n\t\t\t\t<\/div>\n\t\t\t\t<div class=\"elementor-element elementor-element-9936efd elementor-mobile-align-center elementor-align-center elementor-widget elementor-widget-button\" data-id=\"9936efd\" data-element_type=\"widget\" data-e-type=\"widget\" data-widget_type=\"button.default\">\n\t\t\t\t\t\t\t\t\t\t<a class=\"elementor-button elementor-button-link elementor-size-sm\" href=\"https:\/\/dohany-zsinagoga.hu\/?page_id=606\">\n\t\t\t\t\t\t<span class=\"elementor-button-content-wrapper\">\n\t\t\t\t\t\t\t\t\t<span class=\"elementor-button-text\">IRATKOZZON FEL<\/span>\n\t\t\t\t\t<\/span>\n\t\t\t\t\t<\/a>\n\t\t\t\t\t\t\t\t<\/div>\n\t\t\t\t<\/div>\n\t\t\t\t<\/div>\n\t\t\t\t<\/div>\n\t\t","protected":false},"excerpt":{"rendered":"<p>Doh\u00e1ny Klub id\u0151pontjai: Doh\u00e1ny Caf\u00e9 id\u0151pontjai: Iratkozzon fel \u00d6n is h\u00edrlevel\u00fcnkre, hogy ne maradjon le friss h\u00edreinkr\u0151l, \u00e9s els\u0151 k\u00e9zb\u0151l \u00e9rtes\u00fclj\u00f6n a k\u00f6vetkez\u0151 k\u00f6z\u00f6ss\u00e9gi programjainkr\u00f3l, \u00fcnnepeinkr\u0151l. IRATKOZZON FEL<\/p>\n","protected":false},"author":2,"featured_media":0,"parent":0,"menu_order":0,"comment_status":"closed","ping_status":"closed","template":"","meta":{"footnotes":""},"class_list":["post-1594","page","type-page","status-publish","hentry"],"jetpack_sharing_enabled":true,"_links":{"self":[{"href":"https:\/\/dohany-zsinagoga.hu\/index.php?rest_route=\/wp\/v2\/pages\/1594","targetHints":{"allow":["GET"]}}],"collection":[{"href":"https:\/\/dohany-zsinagoga.hu\/index.php?rest_route=\/wp\/v2\/pages"}],"about":[{"href":"https:\/\/dohany-zsinagoga.hu\/index.php?rest_route=\/wp\/v2\/types\/page"}],"author":[{"embeddable":true,"href":"https:\/\/dohany-zsinagoga.hu\/index.php?rest_route=\/wp\/v2\/users\/2"}],"replies":[{"embeddable":true,"href":"https:\/\/dohany-zsinagoga.hu\/index.php?rest_route=%2Fwp%2Fv2%2Fcomments&post=1594"}],"version-history":[{"count":76,"href":"https:\/\/dohany-zsinagoga.hu\/index.php?rest_route=\/wp\/v2\/pages\/1594\/revisions"}],"predecessor-version":[{"id":2374,"href":"https:\/\/dohany-zsinagoga.hu\/index.php?rest_route=\/wp\/v2\/pages\/1594\/revisions\/2374"}],"wp:attachment":[{"href":"https:\/\/dohany-zsinagoga.hu\/index.php?rest_route=%2Fwp%2Fv2%2Fmedia&parent=1594"}],"curies":[{"name":"wp","href":"https:\/\/api.w.org\/{rel}","templated":true}]}}