{"id":1545,"date":"2025-11-02T10:15:52","date_gmt":"2025-11-02T10:15:52","guid":{"rendered":"https:\/\/dohany-zsinagoga.hu\/?page_id=1545"},"modified":"2026-05-08T04:18:47","modified_gmt":"2026-05-08T06:18:47","slug":"heti-szakasz","status":"publish","type":"page","link":"https:\/\/dohany-zsinagoga.hu\/?page_id=1545","title":{"rendered":"Hetiszakasz"},"content":{"rendered":"\t\t<div data-elementor-type=\"wp-page\" data-elementor-id=\"1545\" class=\"elementor elementor-1545\">\n\t\t\t\t<div class=\"elementor-element elementor-element-f8eaab6 e-con-full e-flex e-con e-parent\" data-id=\"f8eaab6\" data-element_type=\"container\" data-e-type=\"container\">\n\t\t<div class=\"elementor-element elementor-element-c15dcea e-flex e-con-boxed e-con e-child\" data-id=\"c15dcea\" data-element_type=\"container\" data-e-type=\"container\">\n\t\t\t\t\t<div class=\"e-con-inner\">\n\t\t<div class=\"elementor-element elementor-element-6ea3ba6 e-con-full e-flex e-con e-child\" data-id=\"6ea3ba6\" data-element_type=\"container\" data-e-type=\"container\">\n\t\t<div class=\"elementor-element elementor-element-b95f36c e-con-full e-flex e-con e-child\" data-id=\"b95f36c\" data-element_type=\"container\" data-e-type=\"container\">\n\t\t\t\t<div class=\"elementor-element elementor-element-1e7a290 elementor-widget elementor-widget-heading\" data-id=\"1e7a290\" data-element_type=\"widget\" data-e-type=\"widget\" data-widget_type=\"heading.default\">\n\t\t\t\t\t<h2 class=\"elementor-heading-title elementor-size-default\">Hetiszakasz<\/h2>\t\t\t\t<\/div>\n\t\t\t\t<\/div>\n\t\t<div class=\"elementor-element elementor-element-a0419e2 e-con-full e-flex e-con e-child\" data-id=\"a0419e2\" data-element_type=\"container\" data-e-type=\"container\">\n\t\t\t\t<div class=\"elementor-element elementor-element-9bef2e1 elementor-widget-divider--separator-type-pattern elementor-widget-divider--view-line elementor-widget elementor-widget-divider\" data-id=\"9bef2e1\" data-element_type=\"widget\" data-e-type=\"widget\" data-widget_type=\"divider.default\">\n\t\t\t\t\t\t\t<div class=\"elementor-divider\" style=\"--divider-pattern-url: url(&quot;data:image\/svg+xml,%3Csvg xmlns=&#039;http:\/\/www.w3.org\/2000\/svg&#039; preserveAspectRatio=&#039;none&#039; overflow=&#039;visible&#039; height=&#039;100%&#039; viewBox=&#039;0 0 20 16&#039; fill=&#039;none&#039; stroke=&#039;black&#039; stroke-width=&#039;1.8&#039; stroke-linecap=&#039;square&#039; stroke-miterlimit=&#039;10&#039;%3E%3Cg transform=&#039;translate(-12.000000, 0)&#039;%3E%3Cpath d=&#039;M28,0L10,18&#039;\/%3E%3Cpath d=&#039;M18,0L0,18&#039;\/%3E%3Cpath d=&#039;M48,0L30,18&#039;\/%3E%3Cpath d=&#039;M38,0L20,18&#039;\/%3E%3C\/g%3E%3C\/svg%3E&quot;);\">\n\t\t\t<span class=\"elementor-divider-separator\">\n\t\t\t\t\t\t<\/span>\n\t\t<\/div>\n\t\t\t\t\t\t<\/div>\n\t\t\t\t<\/div>\n\t\t\t\t<\/div>\n\t\t\t\t\t<\/div>\n\t\t\t\t<\/div>\n\t\t\t\t<\/div>\n\t\t<div class=\"elementor-element elementor-element-61826ee e-con-full e-flex e-con e-parent\" data-id=\"61826ee\" data-element_type=\"container\" data-e-type=\"container\">\n\t\t<div class=\"elementor-element elementor-element-8e79994 e-con-full e-flex e-con e-child\" data-id=\"8e79994\" data-element_type=\"container\" data-e-type=\"container\">\n\t\t\t\t<div class=\"elementor-element elementor-element-2ba2ffa elementor-widget elementor-widget-image\" data-id=\"2ba2ffa\" data-element_type=\"widget\" data-e-type=\"widget\" data-widget_type=\"image.default\">\n\t\t\t\t\t\t\t\t\t\t\t\t\t\t\t<img fetchpriority=\"high\" decoding=\"async\" width=\"853\" height=\"1280\" src=\"https:\/\/dohany-zsinagoga.hu\/wp-content\/uploads\/2025\/11\/Heti-szakasz-Dohany-utcai-Templomkorzet.jpg\" class=\"attachment-full size-full wp-image-2016\" alt=\"Heti szakasz \u00e9s a Doh\u00e1ny utcai Templomk\u00f6rzet\" srcset=\"https:\/\/dohany-zsinagoga.hu\/wp-content\/uploads\/2025\/11\/Heti-szakasz-Dohany-utcai-Templomkorzet.jpg 853w, https:\/\/dohany-zsinagoga.hu\/wp-content\/uploads\/2025\/11\/Heti-szakasz-Dohany-utcai-Templomkorzet-200x300.jpg 200w, https:\/\/dohany-zsinagoga.hu\/wp-content\/uploads\/2025\/11\/Heti-szakasz-Dohany-utcai-Templomkorzet-682x1024.jpg 682w, https:\/\/dohany-zsinagoga.hu\/wp-content\/uploads\/2025\/11\/Heti-szakasz-Dohany-utcai-Templomkorzet-768x1152.jpg 768w\" sizes=\"(max-width: 853px) 100vw, 853px\" \/>\t\t\t\t\t\t\t\t\t\t\t\t\t\t\t<\/div>\n\t\t\t\t<\/div>\n\t\t<div class=\"elementor-element elementor-element-330bd78 e-con-full e-flex e-con e-child\" data-id=\"330bd78\" data-element_type=\"container\" data-e-type=\"container\">\n\t\t<div class=\"elementor-element elementor-element-48a9640 e-con-full e-flex e-con e-child\" data-id=\"48a9640\" data-element_type=\"container\" data-e-type=\"container\">\n\t\t\t\t<div class=\"elementor-element elementor-element-83b5f89 elementor-widget elementor-widget-heading\" data-id=\"83b5f89\" data-element_type=\"widget\" data-e-type=\"widget\" data-widget_type=\"heading.default\">\n\t\t\t\t\t<h2 class=\"elementor-heading-title elementor-size-default\">Aktu\u00e1lis hetiszakaszunk: Beh\u00e1r-Bechukajsz\u00e1j \u2014  \u05d1\u05d4\u05e8-\u05d1\u05d7\u05e7\u05d5\u05ea\u05d9\n<\/h2>\t\t\t\t<\/div>\n\t\t\t\t<div class=\"elementor-element elementor-element-1015e44 elementor-widget elementor-widget-text-editor\" data-id=\"1015e44\" data-element_type=\"widget\" data-e-type=\"widget\" data-widget_type=\"text-editor.default\">\n\t\t\t\t\t\t\t\t\t<p>Ezen\u00a0 a h\u00e9ten is kett\u0151s szidr\u00e1t olvasunk. A Beh\u00e1r hetiszakasz f\u0151 t\u00e9m\u00e1ja a f\u00f6ld szents\u00e9ge \u00e9s a t\u00e1rsadalmi igazs\u00e1goss\u00e1g. A T\u00f3ra el\u0151\u00edrja a hetedik \u00e9v, a smita megtart\u00e1s\u00e1t: Izrael f\u00f6ldje minden hetedik \u00e9vben pihenjen, a f\u00f6ldm\u0171vel\u00e9st sz\u00fcneteltetni kell, \u00e9s a term\u00e9s k\u00f6z\u00f6s haszn\u00e1latra szolg\u00e1l. H\u00e9t smita-ciklus ut\u00e1n k\u00f6vetkezik a j\u00f3b\u00e9l, az \u00f6tvenedik \u00e9v, amikor a f\u00f6ldbirtokok visszat\u00e9rnek eredeti tulajdonosaikhoz, a h\u00e9ber szolg\u00e1kat felszabad\u00edtj\u00e1k, \u00e9s a t\u00e1rsadalmi egyens\u00faly helyre\u00e1ll. A szakasz hangs\u00falyozza, hogy \u201eaz orsz\u00e1g az Eny\u00e9m\u201d, vagyis az ember nem abszol\u00fat ura a f\u00f6ldnek. Tov\u00e1bbi t\u00f6rv\u00e9nyek sz\u00f3lnak az uzsora tilalm\u00e1r\u00f3l, a szeg\u00e9ny t\u00e1mogat\u00e1s\u00e1r\u00f3l \u00e9s az elszeg\u00e9nyedett testv\u00e9r emberhez m\u00e9lt\u00f3 kezel\u00e9s\u00e9r\u0151l.<\/p><p>Bechukajsz\u00e1j szidr\u00e1j\u00e1nak k\u00f6z\u00e9ppontj\u00e1ban az \u00e1ld\u00e1sok \u00e9s \u00e1tkok hossz\u00fa felsorol\u00e1sa \u00e1ll. Ha Izrael k\u00f6veti a t\u00f6rv\u00e9nyt, b\u00e9ke, term\u00e9kenys\u00e9g \u00e9s biztons\u00e1g lesz az orsz\u00e1gban; ha elfordul azokt\u00f3l, h\u00e1bor\u00fa, \u00e9h\u00edns\u00e9g, sz\u00e1m\u0171zet\u00e9s \u00e9s pusztul\u00e1s k\u00f6vetkezik. Ez a r\u00e9sz a tajch\u00e9ch\u00f3, az int\u00e9s. A szakasz v\u00e9g\u00e9n k\u00fcl\u00f6nf\u00e9le fogadalmi \u00e9s szentel\u00e9si t\u00f6rv\u00e9nyek szerepelnek: emberek, \u00e1llatok, h\u00e1zak \u00e9s f\u00f6ldek \u00e9rt\u00e9k\u00e9nek meghat\u00e1roz\u00e1sa a Szent\u00e9ly sz\u00e1m\u00e1ra, valamint a tized t\u00f6rv\u00e9nyei.<\/p><p>E k\u00e9t szidr\u00e1val befejezz\u00fck M\u00f3zes III. K\u00f6nyv\u00e9nek olvas\u00e1s\u00e1t. Az utols\u00f3 sz\u00f3 elhangz\u00e1sa ut\u00e1n a k\u00f6z\u00f6ss\u00e9g egy\u00fctt mondja: ch\u00e1z\u00e1k, ch\u00e1z\u00e1k, v\u00f6niszch\u00e1z\u00e9k, \u05d7\u05d6\u05e7 \u05d7\u05d6\u05e7 \u05d5\u05e0\u05ea\u05d7\u05d6\u05e7 er\u0151s\u00edts\u00fck egym\u00e1sban a hitet, a tud\u00e1st, az \u00f6sszetartoz\u00e1s \u00e9rz\u00e9s\u00e9t.<\/p>\t\t\t\t\t\t\t\t<\/div>\n\t\t\t\t<\/div>\n\t\t\t\t<\/div>\n\t\t\t\t<\/div>\n\t\t\t\t<\/div>\n\t\t","protected":false},"excerpt":{"rendered":"<p>Hetiszakasz Aktu\u00e1lis hetiszakaszunk: Beh\u00e1r-Bechukajsz\u00e1j \u2014 \u05d1\u05d4\u05e8-\u05d1\u05d7\u05e7\u05d5\u05ea\u05d9 Ezen\u00a0 a h\u00e9ten is kett\u0151s szidr\u00e1t olvasunk. A Beh\u00e1r hetiszakasz f\u0151 t\u00e9m\u00e1ja a f\u00f6ld szents\u00e9ge \u00e9s a t\u00e1rsadalmi igazs\u00e1goss\u00e1g. A T\u00f3ra el\u0151\u00edrja a hetedik \u00e9v, a smita megtart\u00e1s\u00e1t: Izrael f\u00f6ldje minden hetedik \u00e9vben pihenjen, a f\u00f6ldm\u0171vel\u00e9st sz\u00fcneteltetni kell, \u00e9s a term\u00e9s k\u00f6z\u00f6s haszn\u00e1latra szolg\u00e1l. H\u00e9t smita-ciklus ut\u00e1n k\u00f6vetkezik a [&hellip;]<\/p>\n","protected":false},"author":2,"featured_media":0,"parent":0,"menu_order":0,"comment_status":"closed","ping_status":"closed","template":"","meta":{"footnotes":""},"class_list":["post-1545","page","type-page","status-publish","hentry"],"jetpack_sharing_enabled":true,"_links":{"self":[{"href":"https:\/\/dohany-zsinagoga.hu\/index.php?rest_route=\/wp\/v2\/pages\/1545","targetHints":{"allow":["GET"]}}],"collection":[{"href":"https:\/\/dohany-zsinagoga.hu\/index.php?rest_route=\/wp\/v2\/pages"}],"about":[{"href":"https:\/\/dohany-zsinagoga.hu\/index.php?rest_route=\/wp\/v2\/types\/page"}],"author":[{"embeddable":true,"href":"https:\/\/dohany-zsinagoga.hu\/index.php?rest_route=\/wp\/v2\/users\/2"}],"replies":[{"embeddable":true,"href":"https:\/\/dohany-zsinagoga.hu\/index.php?rest_route=%2Fwp%2Fv2%2Fcomments&post=1545"}],"version-history":[{"count":122,"href":"https:\/\/dohany-zsinagoga.hu\/index.php?rest_route=\/wp\/v2\/pages\/1545\/revisions"}],"predecessor-version":[{"id":2470,"href":"https:\/\/dohany-zsinagoga.hu\/index.php?rest_route=\/wp\/v2\/pages\/1545\/revisions\/2470"}],"wp:attachment":[{"href":"https:\/\/dohany-zsinagoga.hu\/index.php?rest_route=%2Fwp%2Fv2%2Fmedia&parent=1545"}],"curies":[{"name":"wp","href":"https:\/\/api.w.org\/{rel}","templated":true}]}}